{"id":16,"date":"2021-02-26T14:10:40","date_gmt":"2021-02-26T13:10:40","guid":{"rendered":"https:\/\/collection-t.com\/journal\/?page_id=16"},"modified":"2021-04-16T15:46:28","modified_gmt":"2021-04-16T13:46:28","slug":"maison","status":"publish","type":"page","link":"https:\/\/collection-t.com\/journal\/maison\/","title":{"rendered":"Maison"},"content":{"rendered":"<section class=\"l-section wpb_row height_large with_img\"><div class=\"l-section-img\" data-img-width=\"2600\" data-img-height=\"1733\" style=\"background-image: url(https:\/\/collection-t.com\/journal\/wp-content\/uploads\/2021\/04\/MG_6812.jpg);\"><\/div><div class=\"l-section-h i-cf\"><div class=\"g-cols vc_row via_flex valign_top type_default stacking_default\"><div class=\"vc_col-sm-12 wpb_column vc_column_container\"><div class=\"vc_column-inner\"><div class=\"wpb_wrapper\"><div class=\"ult-spacer spacer-69f6f1afde3e9\" data-id=\"69f6f1afde3e9\" data-height=\"90\" data-height-mobile=\"90\" data-height-tab=\"90\" data-height-tab-portrait=\"\" data-height-mobile-landscape=\"\" style=\"clear:both;display:block;\"><\/div><\/div><\/div><\/div><\/div><\/div><\/section><section class=\"l-section wpb_row us_custom_72fc42ef height_large\"><div class=\"l-section-h i-cf\"><div class=\"g-cols vc_row via_flex valign_middle type_default stacking_default\"><div class=\"vc_col-sm-6 wpb_column vc_column_container\"><div class=\"vc_column-inner\"><div class=\"wpb_wrapper\"><div class=\"w-image align_none\"><div class=\"w-image-h\"><img width=\"700\" height=\"467\" src=\"https:\/\/collection-t.com\/journal\/wp-content\/uploads\/2021\/02\/boutique-.jpg\" class=\"attachment-large size-large\" alt=\"\" srcset=\"https:\/\/collection-t.com\/journal\/wp-content\/uploads\/2021\/02\/boutique-.jpg 700w, https:\/\/collection-t.com\/journal\/wp-content\/uploads\/2021\/02\/boutique--300x200.jpg 300w, https:\/\/collection-t.com\/journal\/wp-content\/uploads\/2021\/02\/boutique--600x400.jpg 600w, https:\/\/collection-t.com\/journal\/wp-content\/uploads\/2021\/02\/boutique--80x53.jpg 80w, https:\/\/collection-t.com\/journal\/wp-content\/uploads\/2021\/02\/boutique--100x67.jpg 100w, https:\/\/collection-t.com\/journal\/wp-content\/uploads\/2021\/02\/boutique--120x80.jpg 120w, https:\/\/collection-t.com\/journal\/wp-content\/uploads\/2021\/02\/boutique--500x334.jpg 500w, https:\/\/collection-t.com\/journal\/wp-content\/uploads\/2021\/02\/boutique--200x133.jpg 200w, https:\/\/collection-t.com\/journal\/wp-content\/uploads\/2021\/02\/boutique--150x100.jpg 150w\" sizes=\"(max-width: 700px) 100vw, 700px\" \/><\/div><\/div><\/div><\/div><\/div><div class=\"vc_col-sm-6 wpb_column vc_column_container us_animate_afr\" style=\"animation-delay:0.2s\"><div class=\"vc_column-inner\"><div class=\"wpb_wrapper\">[vc_custom_heading text=\u00a0\u00bbLA MARQUE\u00a0\u00bb font_container=\u00a0\u00bbtag:h1|text_align:left\u00a0\u00bb use_theme_fonts=\u00a0\u00bbyes\u00a0\u00bb]<div class=\"wpb_text_column us_custom_432d3f53\"><div class=\"wpb_wrapper\"><div class=\"page\" title=\"Page 2\">\n<div class=\"section\">\n<div class=\"layoutArea\">\n<div class=\"column\">\n<p>Collection T. est une<strong> maison franc\u0327aise de the\u0301<\/strong> qui pro\u0302ne la <strong>qualite\u0301, l\u2019originalite\u0301 et la modernite\u0301.<\/strong><\/p>\n<p>Depuis 2002, Collection T. qui a a\u0300 c\u0153ur de partager son<strong> amour et sa connaissance du produit.<\/strong> Que l&rsquo;on recherche un the\u0301 \u00ab grand cru \u00bb ou simplement un bon the\u0301 parfume\u0301, Collection T. sera toujours en mesure d\u2019e\u0301tonner et de satisfaire les envies de chacun.<br \/>\nUne se\u0301lection de plus de 160 re\u0301fe\u0301rences de <strong>the\u0301s, infusions, eaux de fruits<\/strong> (biologiques ou non) pour chaque moment de la journe\u0301e pour apporter a\u0300 votre quotidien une vraie tasse de bonheur.<\/p>\n<\/div>\n<\/div>\n<\/div>\n<\/div>\n<\/div><\/div><\/div><\/div><\/div><\/div><\/div><\/section><section class=\"l-section wpb_row us_custom_a542ec89 height_large\"><div class=\"l-section-h i-cf\"><div class=\"g-cols vc_row via_flex valign_middle type_default stacking_default\"><div class=\"vc_col-sm-6 wpb_column vc_column_container us_animate_afl\" style=\"animation-delay:0.2s\"><div class=\"vc_column-inner\"><div class=\"wpb_wrapper\">[vc_custom_heading text=\u00a0\u00bb\u00c0 L&rsquo;ORIGINE\u00a0\u00bb use_theme_fonts=\u00a0\u00bbyes\u00a0\u00bb]<div class=\"wpb_text_column us_custom_432d3f53\"><div class=\"wpb_wrapper\"><div class=\"page\" title=\"Page 2\">\n<div class=\"section\">\n<div class=\"layoutArea\">\n<div class=\"column\">\n<div class=\"page\" title=\"Page 2\">\n<div class=\"section\">\n<div class=\"layoutArea\">\n<div class=\"column\">\n<p>C\u2019est en <strong>2002<\/strong> que <strong>Philippe et Teresa<\/strong> de\u0301cident de revisiter les codes du salon de the\u0301, rue Hoche a\u0300 Cannes, en cre\u0301ant la boutique et le salon de the\u0301<strong> Volupte\u0301.<\/strong><\/p>\n<p>Depuis <strong>2015<\/strong>, cette belle histoire de famille se perpe\u0301tue sous l\u2019estampille de la marque <strong>Collection T.<\/strong> marque de the\u0301 a\u0300 la Franc\u0327aise. Une nouvelle ge\u0301ne\u0301ration est ne\u0301e : Chloe\u0301 a grandi dans l\u2019arrie\u0300re-boutique de ses parents, immerge\u0301e dans les saveurs et les notes de the\u0301s. Elle joue de\u0301sormais en duo sa partition avec <strong>modernite\u0301 et te\u0301nacite\u0301<\/strong> dans sa boutique parisienne <strong>(55 rue des Martyrs).<\/strong><\/p>\n<p>Passionne\u0301s de the\u0301, lorsque vous pousserez la porte de l\u2019un des 2 boutiques, toute l\u2019e\u0301quipe Collection T. saura vous faire voyager le temps d\u2019un instant a\u0300 travers les plantations de the\u0301<\/p>\n<\/div>\n<\/div>\n<\/div>\n<\/div>\n<\/div>\n<\/div>\n<\/div>\n<\/div>\n<\/div><\/div><\/div><\/div><\/div><div class=\"vc_col-sm-6 wpb_column vc_column_container\"><div class=\"vc_column-inner\"><div class=\"wpb_wrapper\"><div class=\"w-image align_none\"><div class=\"w-image-h\"><img width=\"640\" height=\"426\" src=\"https:\/\/collection-t.com\/journal\/wp-content\/uploads\/2021\/02\/IMG_0905.jpg\" class=\"attachment-large size-large\" alt=\"\" srcset=\"https:\/\/collection-t.com\/journal\/wp-content\/uploads\/2021\/02\/IMG_0905.jpg 640w, https:\/\/collection-t.com\/journal\/wp-content\/uploads\/2021\/02\/IMG_0905-300x200.jpg 300w, https:\/\/collection-t.com\/journal\/wp-content\/uploads\/2021\/02\/IMG_0905-600x399.jpg 600w, https:\/\/collection-t.com\/journal\/wp-content\/uploads\/2021\/02\/IMG_0905-80x53.jpg 80w, https:\/\/collection-t.com\/journal\/wp-content\/uploads\/2021\/02\/IMG_0905-100x67.jpg 100w, https:\/\/collection-t.com\/journal\/wp-content\/uploads\/2021\/02\/IMG_0905-120x80.jpg 120w, https:\/\/collection-t.com\/journal\/wp-content\/uploads\/2021\/02\/IMG_0905-500x333.jpg 500w, https:\/\/collection-t.com\/journal\/wp-content\/uploads\/2021\/02\/IMG_0905-200x133.jpg 200w, https:\/\/collection-t.com\/journal\/wp-content\/uploads\/2021\/02\/IMG_0905-150x100.jpg 150w\" sizes=\"(max-width: 640px) 100vw, 640px\" \/><\/div><\/div><\/div><\/div><\/div><\/div><\/div><\/section><section class=\"l-section wpb_row height_large\"><div class=\"l-section-h i-cf\"><div class=\"g-cols vc_row via_flex valign_top type_default stacking_default\" style=\"--additional-gap:10PX;\"><div class=\"vc_col-sm-4 wpb_column vc_column_container us_animate_afc\" style=\"animation-delay:0.2s\"><div class=\"vc_column-inner\"><div class=\"wpb_wrapper\"><div class=\"w-image align_center\"><div class=\"w-image-h\"><img width=\"180\" height=\"183\" src=\"https:\/\/collection-t.com\/journal\/wp-content\/uploads\/2021\/03\/creativite-180x183.png\" class=\"attachment-us_180_0 size-us_180_0\" alt=\"\" srcset=\"https:\/\/collection-t.com\/journal\/wp-content\/uploads\/2021\/03\/creativite-180x183.png 180w, https:\/\/collection-t.com\/journal\/wp-content\/uploads\/2021\/03\/creativite-295x300.png 295w, https:\/\/collection-t.com\/journal\/wp-content\/uploads\/2021\/03\/creativite-393x400.png 393w, https:\/\/collection-t.com\/journal\/wp-content\/uploads\/2021\/03\/creativite-80x80.png 80w, https:\/\/collection-t.com\/journal\/wp-content\/uploads\/2021\/03\/creativite-98x100.png 98w, https:\/\/collection-t.com\/journal\/wp-content\/uploads\/2021\/03\/creativite-118x120.png 118w, https:\/\/collection-t.com\/journal\/wp-content\/uploads\/2021\/03\/creativite-150x153.png 150w, https:\/\/collection-t.com\/journal\/wp-content\/uploads\/2021\/03\/creativite.png 650w, https:\/\/collection-t.com\/journal\/wp-content\/uploads\/2021\/03\/creativite-590x600.png 590w, https:\/\/collection-t.com\/journal\/wp-content\/uploads\/2021\/03\/creativite-492x500.png 492w, https:\/\/collection-t.com\/journal\/wp-content\/uploads\/2021\/03\/creativite-197x200.png 197w, https:\/\/collection-t.com\/journal\/wp-content\/uploads\/2021\/03\/creativite-148x150.png 148w\" sizes=\"(max-width: 180px) 100vw, 180px\" \/><\/div><\/div><div class=\"w-separator size_small\"><\/div>[vc_custom_heading text=\u00a0\u00bbNATURALIT\u00c9\u00a0\u00bb font_container=\u00a0\u00bbtag:h3|text_align:center\u00a0\u00bb use_theme_fonts=\u00a0\u00bbyes\u00a0\u00bb css=\u00a0\u00bb%7B%22default%22%3A%7B%22font-size%22%3A%2225px%22%7D%7D\u00a0\u00bb]<div class=\"wpb_text_column us_custom_432d3f53\"><div class=\"wpb_wrapper\"><div class=\"page\" title=\"Page 2\">\n<div class=\"section\">\n<div class=\"layoutArea\">\n<div class=\"column\">\n<div class=\"page\" title=\"Page 2\">\n<div class=\"section\">\n<div class=\"layoutArea\">\n<div class=\"column\">\n<p>C&rsquo;est dans le respect de ce qui est produit par la nature et cueilli \u00e0 maturit\u00e9 que <strong>Collection T<\/strong> accorde une importance particuli\u00e8re \u00e0 :<br \/>\n&#8211; La s\u00e9lection des <strong>meilleures feuilles produites<\/strong> dans les meilleurs jardins.<br \/>\n&#8211; Entretenir une relation privil\u00e9gi\u00e9e et durable avec ses fournisseurs.<br \/>\n&#8211; Garantir une <strong>fra\u00eecheur et une qualit\u00e9 irr\u00e9prochable.\u00a0<\/strong><br \/>\nLa pr\u00e9paration du th\u00e9 demande le respect de certaines r\u00e8gles pour ne pas en g\u00e2cher sa saveur, et pour l&rsquo;appr\u00e9cier \u00e0 sa juste valeur.<\/p>\n<\/div>\n<\/div>\n<\/div>\n<\/div>\n<\/div>\n<\/div>\n<\/div>\n<\/div>\n<\/div><\/div><\/div><\/div><\/div><div class=\"vc_col-sm-4 wpb_column vc_column_container us_animate_afc\" style=\"animation-delay:0.4s\"><div class=\"vc_column-inner\"><div class=\"wpb_wrapper\"><div class=\"w-image align_center\"><div class=\"w-image-h\"><img width=\"180\" height=\"189\" src=\"https:\/\/collection-t.com\/journal\/wp-content\/uploads\/2021\/03\/naturalite-180x189.png\" class=\"attachment-us_180_0 size-us_180_0\" alt=\"\" srcset=\"https:\/\/collection-t.com\/journal\/wp-content\/uploads\/2021\/03\/naturalite-180x189.png 180w, https:\/\/collection-t.com\/journal\/wp-content\/uploads\/2021\/03\/naturalite-286x300.png 286w, https:\/\/collection-t.com\/journal\/wp-content\/uploads\/2021\/03\/naturalite-978x1024.png 978w, https:\/\/collection-t.com\/journal\/wp-content\/uploads\/2021\/03\/naturalite-382x400.png 382w, https:\/\/collection-t.com\/journal\/wp-content\/uploads\/2021\/03\/naturalite-76x80.png 76w, https:\/\/collection-t.com\/journal\/wp-content\/uploads\/2021\/03\/naturalite-95x100.png 95w, https:\/\/collection-t.com\/journal\/wp-content\/uploads\/2021\/03\/naturalite-115x120.png 115w, https:\/\/collection-t.com\/journal\/wp-content\/uploads\/2021\/03\/naturalite-150x157.png 150w, https:\/\/collection-t.com\/journal\/wp-content\/uploads\/2021\/03\/naturalite-573x600.png 573w, https:\/\/collection-t.com\/journal\/wp-content\/uploads\/2021\/03\/naturalite-477x500.png 477w, https:\/\/collection-t.com\/journal\/wp-content\/uploads\/2021\/03\/naturalite-191x200.png 191w, https:\/\/collection-t.com\/journal\/wp-content\/uploads\/2021\/03\/naturalite-143x150.png 143w\" sizes=\"(max-width: 180px) 100vw, 180px\" \/><\/div><\/div><div class=\"w-separator size_small\"><\/div>[vc_custom_heading text=\u00a0\u00bbCR\u00c9ATIVIT\u00c9\u00a0\u00bb font_container=\u00a0\u00bbtag:h4|text_align:center\u00a0\u00bb use_theme_fonts=\u00a0\u00bbyes\u00a0\u00bb css=\u00a0\u00bb%7B%22default%22%3A%7B%22font-size%22%3A%2225px%22%7D%7D\u00a0\u00bb]<div class=\"wpb_text_column us_custom_432d3f53\"><div class=\"wpb_wrapper\"><div class=\"page\" title=\"Page 2\">\n<div class=\"section\">\n<div class=\"layoutArea\">\n<div class=\"column\">\n<div class=\"page\" title=\"Page 2\">\n<div class=\"section\">\n<div class=\"layoutArea\">\n<div class=\"column\">\n<p>Un soin particulier est accord\u00e9 aux <strong>compositions de nos cr\u00e9ations<\/strong> pour r\u00e9pondre \u00e0 vos diff\u00e9rentes envies de th\u00e9.<br \/>\nC&rsquo;est dans la pr\u00e9paration entre c\u00e9r\u00e9monial et alchimie, que les brumes de l&rsquo;eau fr\u00e9missante et vaporeuse r\u00e9v\u00e8leront <strong>l&rsquo;essence olfactive infus\u00e9e.<\/strong><br \/>\nL&rsquo;infusion nuanc\u00e9e et transparente de ce v\u00e9g\u00e9tal rapport\u00e9 des contr\u00e9es lointaines impr\u00e9gnera ses senteurs tel un parfum d&rsquo;eau.<br \/>\nNous cr\u00e9ons \u00e9galement des <strong>th\u00e9s sur mesure<\/strong> en lien avec vos valeurs de marque et <strong>les attentes de vos clients.<\/strong><\/p>\n<\/div>\n<\/div>\n<\/div>\n<\/div>\n<\/div>\n<\/div>\n<\/div>\n<\/div>\n<\/div><\/div><\/div><\/div><\/div><div class=\"vc_col-sm-4 wpb_column vc_column_container us_animate_afc\" style=\"animation-delay:0.6s\"><div class=\"vc_column-inner\"><div class=\"wpb_wrapper\"><div class=\"w-image align_center\"><div class=\"w-image-h\"><img width=\"180\" height=\"180\" src=\"https:\/\/collection-t.com\/journal\/wp-content\/uploads\/2021\/03\/convivialite-180x180.png\" class=\"attachment-us_180_0 size-us_180_0\" alt=\"\" srcset=\"https:\/\/collection-t.com\/journal\/wp-content\/uploads\/2021\/03\/convivialite-180x180.png 180w, https:\/\/collection-t.com\/journal\/wp-content\/uploads\/2021\/03\/convivialite-300x300.png 300w, https:\/\/collection-t.com\/journal\/wp-content\/uploads\/2021\/03\/convivialite-150x150.png 150w, https:\/\/collection-t.com\/journal\/wp-content\/uploads\/2021\/03\/convivialite-400x400.png 400w, https:\/\/collection-t.com\/journal\/wp-content\/uploads\/2021\/03\/convivialite-80x80.png 80w, https:\/\/collection-t.com\/journal\/wp-content\/uploads\/2021\/03\/convivialite-100x100.png 100w, https:\/\/collection-t.com\/journal\/wp-content\/uploads\/2021\/03\/convivialite-120x120.png 120w, https:\/\/collection-t.com\/journal\/wp-content\/uploads\/2021\/03\/convivialite.png 650w, https:\/\/collection-t.com\/journal\/wp-content\/uploads\/2021\/03\/convivialite-600x600.png 600w, https:\/\/collection-t.com\/journal\/wp-content\/uploads\/2021\/03\/convivialite-500x500.png 500w, https:\/\/collection-t.com\/journal\/wp-content\/uploads\/2021\/03\/convivialite-200x200.png 200w\" sizes=\"(max-width: 180px) 100vw, 180px\" \/><\/div><\/div><div class=\"w-separator size_small\"><\/div>[vc_custom_heading text=\u00a0\u00bbCONVIVIALIT\u00c9\u00a0\u00bb font_container=\u00a0\u00bbtag:h5|text_align:center\u00a0\u00bb use_theme_fonts=\u00a0\u00bbyes\u00a0\u00bb css=\u00a0\u00bb%7B%22default%22%3A%7B%22font-size%22%3A%2225px%22%7D%7D\u00a0\u00bb]<div class=\"wpb_text_column us_custom_432d3f53\"><div class=\"wpb_wrapper\"><div class=\"page\" title=\"Page 2\">\n<div class=\"section\">\n<div class=\"layoutArea\">\n<div class=\"column\">\n<div class=\"page\" title=\"Page 2\">\n<div class=\"section\">\n<div class=\"layoutArea\">\n<div class=\"column\">\n<p>Nos bo\u00eetes blanches tel un \u00e9crin pr\u00e9cieux ne demandent qu&rsquo;\u00e0 s&rsquo;entrouvrir pour <strong>partager avec sinc\u00e9rit\u00e9 leur message personnel<\/strong> comme autant de pr\u00e9sents \u00e0 collectionner.<br \/>\n<strong>Novices ou connaisseurs,<\/strong> osez pousser la porte. Vous serez les h\u00f4tes de <strong>Chlo\u00e9 &amp; Phillippe<\/strong> et serez guid\u00e9s sur le chemin du th\u00e9 avec <strong>expertise et convivialit\u00e9.\u00a0<\/strong><\/p>\n<\/div>\n<\/div>\n<\/div>\n<\/div>\n<\/div>\n<\/div>\n<\/div>\n<\/div>\n<\/div><\/div><\/div><\/div><\/div><\/div><\/div><\/section>\n","protected":false},"excerpt":{"rendered":"[vc_custom_heading text=\"LA MARQUE\" font_container=\"tag:h1|text_align:left\" use_theme_fonts=\"yes\"] Collection T. est une maison franc\u0327aise de the\u0301 qui pro\u0302ne la qualite\u0301, l\u2019originalite\u0301 et la modernite\u0301. Depuis 2002, Collection T. qui a a\u0300 c\u0153ur de partager son amour et sa connaissance du produit. Que l&rsquo;on recherche un the\u0301 \u00ab grand cru \u00bb ou simplement un bon the\u0301 parfume\u0301, Collection T....","protected":false},"author":1,"featured_media":0,"parent":0,"menu_order":0,"comment_status":"closed","ping_status":"closed","template":"","meta":[],"acf":[],"yoast_head":"<!-- This site is optimized with the Yoast SEO plugin v18.5.1 - https:\/\/yoast.com\/wordpress\/plugins\/seo\/ -->\n<title>D\u00e9couvrez notre Maison du th\u00e9 - Collection T - Le journal<\/title>\n<meta name=\"description\" content=\"Collection T. est une maison franc\u0327aise de the\u0301 qui pro\u0302ne la qualite\u0301, l\u2019originalite\u0301 et la modernite\u0301. - Collection T\" \/>\n<meta name=\"robots\" content=\"index, follow, max-snippet:-1, max-image-preview:large, max-video-preview:-1\" \/>\n<link rel=\"canonical\" href=\"https:\/\/collection-t.com\/journal\/maison\/\" \/>\n<meta property=\"og:locale\" content=\"fr_FR\" \/>\n<meta property=\"og:type\" content=\"article\" \/>\n<meta property=\"og:title\" content=\"D\u00e9couvrez notre Maison du th\u00e9 - Collection T - Le journal\" \/>\n<meta property=\"og:description\" content=\"Collection T. est une maison franc\u0327aise de the\u0301 qui pro\u0302ne la qualite\u0301, l\u2019originalite\u0301 et la modernite\u0301. - Collection T\" \/>\n<meta property=\"og:url\" content=\"https:\/\/collection-t.com\/journal\/maison\/\" \/>\n<meta property=\"og:site_name\" content=\"Collection T - Le journal\" \/>\n<meta property=\"article:modified_time\" content=\"2021-04-16T13:46:28+00:00\" \/>\n<meta property=\"og:image\" content=\"https:\/\/collection-t.com\/journal\/wp-content\/uploads\/2021\/04\/collection-t-og.jpg\" \/>\n\t<meta property=\"og:image:width\" content=\"1200\" \/>\n\t<meta property=\"og:image:height\" content=\"630\" \/>\n\t<meta property=\"og:image:type\" content=\"image\/jpeg\" \/>\n<meta name=\"twitter:card\" content=\"summary_large_image\" \/>\n<meta name=\"twitter:label1\" content=\"Dur\u00e9e de lecture estim\u00e9e\" \/>\n\t<meta name=\"twitter:data1\" content=\"3 minutes\" \/>\n<script type=\"application\/ld+json\" class=\"yoast-schema-graph\">{\"@context\":\"https:\/\/schema.org\",\"@graph\":[{\"@type\":\"Organization\",\"@id\":\"https:\/\/collection-t.com\/journal\/#organization\",\"name\":\"Collection T\",\"url\":\"https:\/\/collection-t.com\/journal\/\",\"sameAs\":[],\"logo\":{\"@type\":\"ImageObject\",\"@id\":\"https:\/\/collection-t.com\/journal\/#logo\",\"inLanguage\":\"fr-FR\",\"url\":\"https:\/\/collection-t.com\/journal\/wp-content\/uploads\/2021\/02\/logo.png\",\"contentUrl\":\"https:\/\/collection-t.com\/journal\/wp-content\/uploads\/2021\/02\/logo.png\",\"width\":650,\"height\":632,\"caption\":\"Collection T\"},\"image\":{\"@id\":\"https:\/\/collection-t.com\/journal\/#logo\"}},{\"@type\":\"WebSite\",\"@id\":\"https:\/\/collection-t.com\/journal\/#website\",\"url\":\"https:\/\/collection-t.com\/journal\/\",\"name\":\"Collection T - Le journal\",\"description\":\"\",\"publisher\":{\"@id\":\"https:\/\/collection-t.com\/journal\/#organization\"},\"potentialAction\":[{\"@type\":\"SearchAction\",\"target\":{\"@type\":\"EntryPoint\",\"urlTemplate\":\"https:\/\/collection-t.com\/journal\/?s={search_term_string}\"},\"query-input\":\"required name=search_term_string\"}],\"inLanguage\":\"fr-FR\"},{\"@type\":\"WebPage\",\"@id\":\"https:\/\/collection-t.com\/journal\/maison\/#webpage\",\"url\":\"https:\/\/collection-t.com\/journal\/maison\/\",\"name\":\"D\u00e9couvrez notre Maison du th\u00e9 - Collection T - Le journal\",\"isPartOf\":{\"@id\":\"https:\/\/collection-t.com\/journal\/#website\"},\"datePublished\":\"2021-02-26T13:10:40+00:00\",\"dateModified\":\"2021-04-16T13:46:28+00:00\",\"description\":\"Collection T. est une maison franc\u0327aise de the\u0301 qui pro\u0302ne la qualite\u0301, l\u2019originalite\u0301 et la modernite\u0301. - Collection T\",\"breadcrumb\":{\"@id\":\"https:\/\/collection-t.com\/journal\/maison\/#breadcrumb\"},\"inLanguage\":\"fr-FR\",\"potentialAction\":[{\"@type\":\"ReadAction\",\"target\":[\"https:\/\/collection-t.com\/journal\/maison\/\"]}]},{\"@type\":\"BreadcrumbList\",\"@id\":\"https:\/\/collection-t.com\/journal\/maison\/#breadcrumb\",\"itemListElement\":[{\"@type\":\"ListItem\",\"position\":1,\"name\":\"Accueil\",\"item\":\"https:\/\/collection-t.com\/journal\/\"},{\"@type\":\"ListItem\",\"position\":2,\"name\":\"Maison\"}]}]}<\/script>\n<!-- \/ Yoast SEO plugin. -->","yoast_head_json":{"title":"D\u00e9couvrez notre Maison du th\u00e9 - Collection T - Le journal","description":"Collection T. est une maison franc\u0327aise de the\u0301 qui pro\u0302ne la qualite\u0301, l\u2019originalite\u0301 et la modernite\u0301. - Collection T","robots":{"index":"index","follow":"follow","max-snippet":"max-snippet:-1","max-image-preview":"max-image-preview:large","max-video-preview":"max-video-preview:-1"},"canonical":"https:\/\/collection-t.com\/journal\/maison\/","og_locale":"fr_FR","og_type":"article","og_title":"D\u00e9couvrez notre Maison du th\u00e9 - Collection T - Le journal","og_description":"Collection T. est une maison franc\u0327aise de the\u0301 qui pro\u0302ne la qualite\u0301, l\u2019originalite\u0301 et la modernite\u0301. - Collection T","og_url":"https:\/\/collection-t.com\/journal\/maison\/","og_site_name":"Collection T - Le journal","article_modified_time":"2021-04-16T13:46:28+00:00","og_image":[{"width":1200,"height":630,"url":"https:\/\/collection-t.com\/journal\/wp-content\/uploads\/2021\/04\/collection-t-og.jpg","type":"image\/jpeg"}],"twitter_card":"summary_large_image","twitter_misc":{"Dur\u00e9e de lecture estim\u00e9e":"3 minutes"},"schema":{"@context":"https:\/\/schema.org","@graph":[{"@type":"Organization","@id":"https:\/\/collection-t.com\/journal\/#organization","name":"Collection T","url":"https:\/\/collection-t.com\/journal\/","sameAs":[],"logo":{"@type":"ImageObject","@id":"https:\/\/collection-t.com\/journal\/#logo","inLanguage":"fr-FR","url":"https:\/\/collection-t.com\/journal\/wp-content\/uploads\/2021\/02\/logo.png","contentUrl":"https:\/\/collection-t.com\/journal\/wp-content\/uploads\/2021\/02\/logo.png","width":650,"height":632,"caption":"Collection T"},"image":{"@id":"https:\/\/collection-t.com\/journal\/#logo"}},{"@type":"WebSite","@id":"https:\/\/collection-t.com\/journal\/#website","url":"https:\/\/collection-t.com\/journal\/","name":"Collection T - Le journal","description":"","publisher":{"@id":"https:\/\/collection-t.com\/journal\/#organization"},"potentialAction":[{"@type":"SearchAction","target":{"@type":"EntryPoint","urlTemplate":"https:\/\/collection-t.com\/journal\/?s={search_term_string}"},"query-input":"required name=search_term_string"}],"inLanguage":"fr-FR"},{"@type":"WebPage","@id":"https:\/\/collection-t.com\/journal\/maison\/#webpage","url":"https:\/\/collection-t.com\/journal\/maison\/","name":"D\u00e9couvrez notre Maison du th\u00e9 - Collection T - Le journal","isPartOf":{"@id":"https:\/\/collection-t.com\/journal\/#website"},"datePublished":"2021-02-26T13:10:40+00:00","dateModified":"2021-04-16T13:46:28+00:00","description":"Collection T. est une maison franc\u0327aise de the\u0301 qui pro\u0302ne la qualite\u0301, l\u2019originalite\u0301 et la modernite\u0301. - Collection T","breadcrumb":{"@id":"https:\/\/collection-t.com\/journal\/maison\/#breadcrumb"},"inLanguage":"fr-FR","potentialAction":[{"@type":"ReadAction","target":["https:\/\/collection-t.com\/journal\/maison\/"]}]},{"@type":"BreadcrumbList","@id":"https:\/\/collection-t.com\/journal\/maison\/#breadcrumb","itemListElement":[{"@type":"ListItem","position":1,"name":"Accueil","item":"https:\/\/collection-t.com\/journal\/"},{"@type":"ListItem","position":2,"name":"Maison"}]}]}},"_links":{"self":[{"href":"https:\/\/collection-t.com\/journal\/wp-json\/wp\/v2\/pages\/16"}],"collection":[{"href":"https:\/\/collection-t.com\/journal\/wp-json\/wp\/v2\/pages"}],"about":[{"href":"https:\/\/collection-t.com\/journal\/wp-json\/wp\/v2\/types\/page"}],"author":[{"embeddable":true,"href":"https:\/\/collection-t.com\/journal\/wp-json\/wp\/v2\/users\/1"}],"replies":[{"embeddable":true,"href":"https:\/\/collection-t.com\/journal\/wp-json\/wp\/v2\/comments?post=16"}],"version-history":[{"count":53,"href":"https:\/\/collection-t.com\/journal\/wp-json\/wp\/v2\/pages\/16\/revisions"}],"predecessor-version":[{"id":9941,"href":"https:\/\/collection-t.com\/journal\/wp-json\/wp\/v2\/pages\/16\/revisions\/9941"}],"wp:attachment":[{"href":"https:\/\/collection-t.com\/journal\/wp-json\/wp\/v2\/media?parent=16"}],"curies":[{"name":"wp","href":"https:\/\/api.w.org\/{rel}","templated":true}]}}