{"id":8827,"date":"2021-03-03T11:24:44","date_gmt":"2021-03-03T10:24:44","guid":{"rendered":"https:\/\/collection-t.com\/journal\/?page_id=8827"},"modified":"2021-04-27T14:40:07","modified_gmt":"2021-04-27T12:40:07","slug":"mentions-legales","status":"publish","type":"page","link":"https:\/\/collection-t.com\/journal\/mentions-legales\/","title":{"rendered":"Mentions l\u00e9gales"},"content":{"rendered":"<section class=\"l-section wpb_row height_large with_img\"><div class=\"l-section-img\" data-img-width=\"1200\" data-img-height=\"801\" style=\"background-image: url(https:\/\/collection-t.com\/journal\/wp-content\/uploads\/2021\/03\/L1090366-1.jpg);\"><\/div><div class=\"l-section-h i-cf\"><div class=\"g-cols vc_row via_flex valign_middle type_default stacking_default\"><div class=\"vc_col-sm-12 wpb_column vc_column_container\"><div class=\"vc_column-inner\"><div class=\"wpb_wrapper\"><div class=\"ult-spacer spacer-69f0face8be14\" data-id=\"69f0face8be14\" data-height=\"100\" data-height-mobile=\"100\" data-height-tab=\"100\" data-height-tab-portrait=\"\" data-height-mobile-landscape=\"\" style=\"clear:both;display:block;\"><\/div><\/div><\/div><\/div><\/div><\/div><\/section><section class=\"l-section wpb_row us_custom_72fc42ef height_small\"><div class=\"l-section-h i-cf\"><div class=\"g-cols vc_row via_flex valign_middle type_default stacking_default\"><div class=\"vc_col-sm-12 wpb_column vc_column_container\"><div class=\"vc_column-inner us_custom_0fb0f71f\"><div class=\"wpb_wrapper\">[vc_custom_heading source=\u00a0\u00bbpost_title\u00a0\u00bb font_container=\u00a0\u00bbtag:h1|text_align:center\u00a0\u00bb use_theme_fonts=\u00a0\u00bbyes\u00a0\u00bb]<div class=\"w-separator size_medium\"><\/div><div class=\"wpb_text_column us_custom_432d3f53\"><div class=\"wpb_wrapper\"><div title=\"Page 2\">\n<div title=\"Page 1\">\n<h3>Adresse<\/h3>\n<p>Collection T.<br \/>\nS.A.R.L Les Th\u00e9s de Chlo\u00e9 au capital\u00a0de\u00a02100\u20ac<br \/>\nSi\u00e8ge social : 41, Rue Hoche &#8211;\u00a006400 Cannes<br \/>\nSiret \u00a0805 175 049 000 16<\/p>\n<p>Adresse de courrier \u00e9lectronique : <a href=\"mailto:contact@collection-t.fr\">contact@collection-t.fr<\/a><\/p>\n<p>Directeur de la publication : Chlo\u00e9 VASSEUR<br \/>\nContactez le responsable de la publication : <a href=\"mailto:contact@collection-t.fr\">contact@collection-t.fr<\/a><\/p>\n<h3>H\u00e9bergement<\/h3>\n<ul>\n<li>OVH SAS<\/li>\n<li>140 Quai du Sartel<\/li>\n<li>59100 ROUBAIX \u2013 France<\/li>\n<li>T\u00e9l : 0899 701 861<\/li>\n<li>www.ovh.com<\/li>\n<\/ul>\n<h3>Cr\u00e9dits<\/h3>\n<p>Conform\u00e9ment \u00e0 la loi n\u00b0 78-17 du 6 janvier 1978, relative \u00e0 l\u2019informatique, aux fichiers et aux libert\u00e9s (dite \u00ab Informatique et Libert\u00e9s \u00bb), ce site a fait l\u2019objet d\u2019une d\u00e9claration \u00e0 la CNIL (d\u00e9claration n\u00b0 -en cours-). Les donn\u00e9es personnelles collect\u00e9es sur ce site sont uniquement destin\u00e9es \u00e0 usage interne. En aucun cas elles ne sont c\u00e9d\u00e9es ou vendues \u00e0 des tiers.<\/p>\n<p>Credits photo :<br \/>\n\u2022 shutterstock.com<\/p>\n<p>Icons by\u00a0<a href=\"https:\/\/fontawesome.com\/\" target=\"_blank\" rel=\"noopener noreferrer\">fontawesome.com<\/a><\/p>\n<h3>Cookies<\/h3>\n<p>Les \u00ab cookies \u00bb sont des fichiers texte de petite taille que l\u2019administrateur d\u2019un serveur installe sur votre ordinateur et qui permettent de m\u00e9moriser des donn\u00e9es relatives \u00e0 l\u2019internaute lorsque celui-ci se connecte au site. Collection T. utilise les \u00ab cookies \u00bb uniquement afin de m\u00e9moriser des informations destin\u00e9es \u00e0 faciliter votre navigation. Il ne s\u2019agit en aucun cas de m\u00e9moriser des donn\u00e9es personnelles vous concernant. Au 01\/08\/2006 le seul cookie est destin\u00e9 \u00e0 contenir le nom de l\u2019apparence que vous avez choisi pour le site. Ce nom n\u2019est nullement associ\u00e9 \u00e0 aucune autre donn\u00e9e personnelle vous concernant. C\u2019est donc un outil destin\u00e9 \u00e0 faciliter la consultation du site qui vous permet de choisir une apparence et de conserver votre choix pour vos futurs visites. Sans ce cookie votre choix n\u2019est pas m\u00e9moris\u00e9. Collection T. peut \u00eatre amen\u00e9 \u00e0 installer d\u2019autres cookies de ce type, et de ce type uniquement. La dur\u00e9e de vie de ce cookie est de 3 mois.<\/p>\n<h3>Exercice du droit d\u2019acc\u00e8s<\/h3>\n<p>Conform\u00e9ment \u00e0 l\u2019article 34 de la Loi Informatique et Libert\u00e9s, vous disposez d\u2019un droit d\u2019acc\u00e8s, de modification, de rectification et de suppression des donn\u00e9es qui vous concernent. Pour exercer ce droit d\u2019acc\u00e8s, adressez-vous \u00e0 <a href=\"mailto:contact@collection-t.fr\">contact@collection-t.fr<\/a>. Pour plus d\u2019informations sur la loi Informatique et Libert\u00e9s, vous pouvez consulter le site Internet de la CNIL.<\/p>\n<h3>Droits d\u2019auteur \/ Copyright<\/h3>\n<p>Les marques et logos figurant sur ce site sont des marques d\u00e9pos\u00e9es par l\u2019association Collection T. Leur mention n\u2019accorde en aucune mani\u00e8re une licence ou un droit d\u2019utilisation quelconque desdites marques, qui ne peuvent donc \u00eatre utilis\u00e9es sans le consentement pr\u00e9alable et \u00e9crit du propri\u00e9taire de la marque sous peine de contrefa\u00e7on.<br \/>\nL\u2019ensemble des informations pr\u00e9sentes sur ce site peut \u00eatre t\u00e9l\u00e9charg\u00e9, reproduit, imprim\u00e9 sous r\u00e9serve de :<br \/>\nn\u2019utiliser de telles informations qu\u2019\u00e0 des fins personnelles et en aucune mani\u00e8re \u00e0 des fins commerciales ;<br \/>\nne pas modifier de telles informations ;<br \/>\nreproduire sur toutes copies la mention des droits d\u2019auteur (\u00ab le copyright \u00bb).<br \/>\nToute autre utilisation non express\u00e9ment autoris\u00e9e est strictement interdite sans autorisation pr\u00e9alable et \u00e9crite de l\u2019association Collection T.<\/p>\n<h3>Responsabilit\u00e9<\/h3>\n<p>L\u2019ensemble des informations accessibles via ce site sont fournies en l\u2019\u00e9tat. Collection T. ne donne aucune garantie, explicite ou implicite, et n\u2019assume aucune responsabilit\u00e9 relative \u00e0 l\u2019utilisation de ces informations. Collection T. n\u2019est pas responsable ni de l\u2019exactitude, ni des erreurs, ni des omissions contenues sur ce site. L\u2019utilisateur est seul responsable de l\u2019utilisation de telles informations. Collection T. se r\u00e9serve le droit de modifier \u00e0 tout moment les pr\u00e9sentes notamment en actualisant ce site. Collection T. ne pourra \u00eatre responsable pour quel que dommage que ce soit tant direct qu\u2019indirect, r\u00e9sultant d\u2019une information contenue sur ce site.<\/p>\n<p>L\u2019utilisateur s\u2019engage \u00e0 ne transmettre sur ce site aucune information pouvant entra\u00eener une responsabilit\u00e9 civile ou p\u00e9nale et s\u2019engage \u00e0 ce titre \u00e0 ne pas divulguer via ce site des informations ill\u00e9gales, contraires \u00e0 l\u2019ordre public ou diffamatoires. Les sites ext\u00e9rieurs ayant un lien hypertexte avec le pr\u00e9sent site ne sont pas sous contr\u00f4le de Collection T. qui d\u00e9cline par cons\u00e9quent toute responsabilit\u00e9 quant \u00e0 leur contenu. L\u2019utilisateur est seul responsable de leur utilisation.<\/p>\n<h3>Messagerie<\/h3>\n<p>Pour toute remarque sur le fonctionnement du site, \u00e9crivez \u00e0 l\u2019administrateur du site : contact@collection-t.fr<\/p>\n<h3>Important<\/h3>\n<p>Les messages que vous nous ferez parvenir par l\u2019interm\u00e9diaire d\u2019Internet peuvent \u00eatre intercept\u00e9s sur le r\u00e9seau. Jusqu\u2019\u00e0 ce qu\u2019ils nous parviennent, leur confidentialit\u00e9 ne peut \u00eatre garantie.<\/p>\n<\/div>\n<\/div>\n<\/div><\/div><\/div><\/div><\/div><\/div><\/div><\/section>\n","protected":false},"excerpt":{"rendered":"[vc_custom_heading source=\"post_title\" font_container=\"tag:h1|text_align:center\" use_theme_fonts=\"yes\"] Adresse Collection T. S.A.R.L Les Th\u00e9s de Chlo\u00e9 au capital\u00a0de\u00a02100\u20ac Si\u00e8ge social : 41, Rue Hoche &#8211;\u00a006400 Cannes Siret \u00a0805 175 049 000 16 Adresse de courrier \u00e9lectronique : contact@collection-t.fr Directeur de la publication : Chlo\u00e9 VASSEUR Contactez le responsable de la publication : contact@collection-t.fr H\u00e9bergement OVH SAS 140 Quai du...","protected":false},"author":1,"featured_media":0,"parent":0,"menu_order":0,"comment_status":"closed","ping_status":"closed","template":"","meta":[],"acf":[],"yoast_head":"<!-- This site is optimized with the Yoast SEO plugin v18.5.1 - https:\/\/yoast.com\/wordpress\/plugins\/seo\/ -->\n<title>Mentions l\u00e9gales - Collection T - Le journal<\/title>\n<meta name=\"robots\" content=\"index, follow, max-snippet:-1, max-image-preview:large, max-video-preview:-1\" \/>\n<link rel=\"canonical\" href=\"https:\/\/collection-t.com\/journal\/mentions-legales\/\" \/>\n<meta property=\"og:locale\" content=\"fr_FR\" \/>\n<meta property=\"og:type\" content=\"article\" \/>\n<meta property=\"og:title\" content=\"Mentions l\u00e9gales - Collection T - Le journal\" \/>\n<meta property=\"og:url\" content=\"https:\/\/collection-t.com\/journal\/mentions-legales\/\" \/>\n<meta property=\"og:site_name\" content=\"Collection T - Le journal\" \/>\n<meta property=\"article:modified_time\" content=\"2021-04-27T12:40:07+00:00\" \/>\n<meta property=\"og:image\" content=\"https:\/\/collection-t.com\/journal\/wp-content\/uploads\/2021\/04\/collection-t-og.jpg\" \/>\n\t<meta property=\"og:image:width\" content=\"1200\" \/>\n\t<meta property=\"og:image:height\" content=\"630\" \/>\n\t<meta property=\"og:image:type\" content=\"image\/jpeg\" \/>\n<meta name=\"twitter:card\" content=\"summary_large_image\" \/>\n<meta name=\"twitter:label1\" content=\"Dur\u00e9e de lecture estim\u00e9e\" \/>\n\t<meta name=\"twitter:data1\" content=\"4 minutes\" \/>\n<script type=\"application\/ld+json\" class=\"yoast-schema-graph\">{\"@context\":\"https:\/\/schema.org\",\"@graph\":[{\"@type\":\"Organization\",\"@id\":\"https:\/\/collection-t.com\/journal\/#organization\",\"name\":\"Collection T\",\"url\":\"https:\/\/collection-t.com\/journal\/\",\"sameAs\":[],\"logo\":{\"@type\":\"ImageObject\",\"@id\":\"https:\/\/collection-t.com\/journal\/#logo\",\"inLanguage\":\"fr-FR\",\"url\":\"https:\/\/collection-t.com\/journal\/wp-content\/uploads\/2021\/02\/logo.png\",\"contentUrl\":\"https:\/\/collection-t.com\/journal\/wp-content\/uploads\/2021\/02\/logo.png\",\"width\":650,\"height\":632,\"caption\":\"Collection T\"},\"image\":{\"@id\":\"https:\/\/collection-t.com\/journal\/#logo\"}},{\"@type\":\"WebSite\",\"@id\":\"https:\/\/collection-t.com\/journal\/#website\",\"url\":\"https:\/\/collection-t.com\/journal\/\",\"name\":\"Collection T - Le journal\",\"description\":\"\",\"publisher\":{\"@id\":\"https:\/\/collection-t.com\/journal\/#organization\"},\"potentialAction\":[{\"@type\":\"SearchAction\",\"target\":{\"@type\":\"EntryPoint\",\"urlTemplate\":\"https:\/\/collection-t.com\/journal\/?s={search_term_string}\"},\"query-input\":\"required name=search_term_string\"}],\"inLanguage\":\"fr-FR\"},{\"@type\":\"WebPage\",\"@id\":\"https:\/\/collection-t.com\/journal\/mentions-legales\/#webpage\",\"url\":\"https:\/\/collection-t.com\/journal\/mentions-legales\/\",\"name\":\"Mentions l\u00e9gales - Collection T - Le journal\",\"isPartOf\":{\"@id\":\"https:\/\/collection-t.com\/journal\/#website\"},\"datePublished\":\"2021-03-03T10:24:44+00:00\",\"dateModified\":\"2021-04-27T12:40:07+00:00\",\"breadcrumb\":{\"@id\":\"https:\/\/collection-t.com\/journal\/mentions-legales\/#breadcrumb\"},\"inLanguage\":\"fr-FR\",\"potentialAction\":[{\"@type\":\"ReadAction\",\"target\":[\"https:\/\/collection-t.com\/journal\/mentions-legales\/\"]}]},{\"@type\":\"BreadcrumbList\",\"@id\":\"https:\/\/collection-t.com\/journal\/mentions-legales\/#breadcrumb\",\"itemListElement\":[{\"@type\":\"ListItem\",\"position\":1,\"name\":\"Accueil\",\"item\":\"https:\/\/collection-t.com\/journal\/\"},{\"@type\":\"ListItem\",\"position\":2,\"name\":\"Mentions l\u00e9gales\"}]}]}<\/script>\n<!-- \/ Yoast SEO plugin. -->","yoast_head_json":{"title":"Mentions l\u00e9gales - Collection T - Le journal","robots":{"index":"index","follow":"follow","max-snippet":"max-snippet:-1","max-image-preview":"max-image-preview:large","max-video-preview":"max-video-preview:-1"},"canonical":"https:\/\/collection-t.com\/journal\/mentions-legales\/","og_locale":"fr_FR","og_type":"article","og_title":"Mentions l\u00e9gales - Collection T - Le journal","og_url":"https:\/\/collection-t.com\/journal\/mentions-legales\/","og_site_name":"Collection T - Le journal","article_modified_time":"2021-04-27T12:40:07+00:00","og_image":[{"width":1200,"height":630,"url":"https:\/\/collection-t.com\/journal\/wp-content\/uploads\/2021\/04\/collection-t-og.jpg","type":"image\/jpeg"}],"twitter_card":"summary_large_image","twitter_misc":{"Dur\u00e9e de lecture estim\u00e9e":"4 minutes"},"schema":{"@context":"https:\/\/schema.org","@graph":[{"@type":"Organization","@id":"https:\/\/collection-t.com\/journal\/#organization","name":"Collection T","url":"https:\/\/collection-t.com\/journal\/","sameAs":[],"logo":{"@type":"ImageObject","@id":"https:\/\/collection-t.com\/journal\/#logo","inLanguage":"fr-FR","url":"https:\/\/collection-t.com\/journal\/wp-content\/uploads\/2021\/02\/logo.png","contentUrl":"https:\/\/collection-t.com\/journal\/wp-content\/uploads\/2021\/02\/logo.png","width":650,"height":632,"caption":"Collection T"},"image":{"@id":"https:\/\/collection-t.com\/journal\/#logo"}},{"@type":"WebSite","@id":"https:\/\/collection-t.com\/journal\/#website","url":"https:\/\/collection-t.com\/journal\/","name":"Collection T - Le journal","description":"","publisher":{"@id":"https:\/\/collection-t.com\/journal\/#organization"},"potentialAction":[{"@type":"SearchAction","target":{"@type":"EntryPoint","urlTemplate":"https:\/\/collection-t.com\/journal\/?s={search_term_string}"},"query-input":"required name=search_term_string"}],"inLanguage":"fr-FR"},{"@type":"WebPage","@id":"https:\/\/collection-t.com\/journal\/mentions-legales\/#webpage","url":"https:\/\/collection-t.com\/journal\/mentions-legales\/","name":"Mentions l\u00e9gales - Collection T - Le journal","isPartOf":{"@id":"https:\/\/collection-t.com\/journal\/#website"},"datePublished":"2021-03-03T10:24:44+00:00","dateModified":"2021-04-27T12:40:07+00:00","breadcrumb":{"@id":"https:\/\/collection-t.com\/journal\/mentions-legales\/#breadcrumb"},"inLanguage":"fr-FR","potentialAction":[{"@type":"ReadAction","target":["https:\/\/collection-t.com\/journal\/mentions-legales\/"]}]},{"@type":"BreadcrumbList","@id":"https:\/\/collection-t.com\/journal\/mentions-legales\/#breadcrumb","itemListElement":[{"@type":"ListItem","position":1,"name":"Accueil","item":"https:\/\/collection-t.com\/journal\/"},{"@type":"ListItem","position":2,"name":"Mentions l\u00e9gales"}]}]}},"_links":{"self":[{"href":"https:\/\/collection-t.com\/journal\/wp-json\/wp\/v2\/pages\/8827"}],"collection":[{"href":"https:\/\/collection-t.com\/journal\/wp-json\/wp\/v2\/pages"}],"about":[{"href":"https:\/\/collection-t.com\/journal\/wp-json\/wp\/v2\/types\/page"}],"author":[{"embeddable":true,"href":"https:\/\/collection-t.com\/journal\/wp-json\/wp\/v2\/users\/1"}],"replies":[{"embeddable":true,"href":"https:\/\/collection-t.com\/journal\/wp-json\/wp\/v2\/comments?post=8827"}],"version-history":[{"count":8,"href":"https:\/\/collection-t.com\/journal\/wp-json\/wp\/v2\/pages\/8827\/revisions"}],"predecessor-version":[{"id":9956,"href":"https:\/\/collection-t.com\/journal\/wp-json\/wp\/v2\/pages\/8827\/revisions\/9956"}],"wp:attachment":[{"href":"https:\/\/collection-t.com\/journal\/wp-json\/wp\/v2\/media?parent=8827"}],"curies":[{"name":"wp","href":"https:\/\/api.w.org\/{rel}","templated":true}]}}