{"id":8837,"date":"2021-03-03T15:44:55","date_gmt":"2021-03-03T14:44:55","guid":{"rendered":"https:\/\/collection-t.com\/journal\/?page_id=8837"},"modified":"2021-06-17T11:09:36","modified_gmt":"2021-06-17T09:09:36","slug":"revendeurs","status":"publish","type":"page","link":"https:\/\/collection-t.com\/journal\/revendeurs\/","title":{"rendered":"Revendeurs"},"content":{"rendered":"<section class=\"l-section wpb_row height_large with_img\"><div class=\"l-section-img\" data-img-width=\"1200\" data-img-height=\"800\" style=\"background-image: url(https:\/\/collection-t.com\/journal\/wp-content\/uploads\/2021\/03\/IMG_4114.jpg);\"><\/div><div class=\"l-section-h i-cf\"><div class=\"g-cols vc_row via_flex valign_middle type_default stacking_default\"><div class=\"vc_col-sm-12 wpb_column vc_column_container\"><div class=\"vc_column-inner\"><div class=\"wpb_wrapper\"><div class=\"ult-spacer spacer-69f57bf0ac4cf\" data-id=\"69f57bf0ac4cf\" data-height=\"200\" data-height-mobile=\"200\" data-height-tab=\"200\" data-height-tab-portrait=\"\" data-height-mobile-landscape=\"\" style=\"clear:both;display:block;\"><\/div><\/div><\/div><\/div><\/div><\/div><\/section><section class=\"l-section wpb_row us_custom_72fc42ef height_small\"><div class=\"l-section-h i-cf\"><div class=\"g-cols vc_row via_flex valign_middle type_default stacking_default\"><div class=\"vc_col-sm-12 wpb_column vc_column_container\"><div class=\"vc_column-inner\"><div class=\"wpb_wrapper\"><div class=\"wpb_text_column us_custom_432d3f53\"><div class=\"wpb_wrapper\"><div class=\"page\" title=\"Page 2\">\n<div class=\"section\">\n<div class=\"layoutArea\">\n<div class=\"column\">\n<p style=\"text-align: center;\">D\u00e9couvrez l&rsquo;ensembles de nos revendeurs <strong>concept Store<\/strong> mais aussi dans les <strong>hotels et restaurants<\/strong> partenaires !<\/p>\n<\/div>\n<\/div>\n<\/div>\n<\/div>\n<\/div><\/div>[vc_custom_heading text=\u00a0\u00bbCONCEPT STORE\u00a0\u00bb font_container=\u00a0\u00bbtag:h1|text_align:center\u00a0\u00bb use_theme_fonts=\u00a0\u00bbyes\u00a0\u00bb css=\u00a0\u00bb%7B%22default%22%3A%7B%22color%22%3A%22%2349372b%22%7D%7D\u00a0\u00bb]<div class=\"w-separator size_small\"><\/div><\/div><\/div><\/div><\/div><\/div><\/section><section class=\"l-section wpb_row us_custom_bf81054c height_auto\"><div class=\"l-section-h i-cf\"><div class=\"g-cols vc_row via_flex valign_middle type_default stacking_default\"><div class=\"vc_col-sm-12 wpb_column vc_column_container\"><div class=\"vc_column-inner\"><div class=\"wpb_wrapper\">[vc_raw_html]JTNDaWZyYW1lJTIwc3JjJTNEJTIyaHR0cHMlM0ElMkYlMkZ3d3cuZ29vZ2xlLmNvbSUyRm1hcHMlMkZkJTJGdSUyRjAlMkZlbWJlZCUzRm1pZCUzRDFxVVhzc1NCTlRMa19vTVdKaGdzOGVuaW56VVF2SEFrbyUyMiUyMHdpZHRoJTNEJTIyMTI4MCUyMiUyMGhlaWdodCUzRCUyMjUyMCUyMiUzRSUzQyUyRmlmcmFtZSUzRQ==[\/vc_raw_html]<\/div><\/div><\/div><\/div><\/div><\/section><section class=\"l-section wpb_row us_custom_72fc42ef height_small\"><div class=\"l-section-h i-cf\"><div class=\"g-cols vc_row via_flex valign_middle type_default stacking_default\"><div class=\"vc_col-sm-12 wpb_column vc_column_container\"><div class=\"vc_column-inner\"><div class=\"wpb_wrapper\">[vc_custom_heading text=\u00a0\u00bbH\u00d4TELS ET RESTAURANTS\u00a0\u00bb font_container=\u00a0\u00bbtag:h2|text_align:center\u00a0\u00bb use_theme_fonts=\u00a0\u00bbyes\u00a0\u00bb css=\u00a0\u00bb%7B%22default%22%3A%7B%22color%22%3A%22%2349372b%22%7D%7D\u00a0\u00bb]<div class=\"w-separator size_small\"><\/div><div class=\"wpb_text_column us_custom_432d3f53\"><div class=\"wpb_wrapper\"><div class=\"page\" title=\"Page 2\">\n<div class=\"section\">\n<div class=\"layoutArea\">\n<div class=\"column\">\n<p style=\"text-align: center;\">D\u00e9couvrez l&rsquo;ensembles de nos revendeurs <strong>concept Store<\/strong> mais aussi dans les <strong>hotels et restaurants<\/strong> partenaires !<\/p>\n<\/div>\n<\/div>\n<\/div>\n<\/div>\n<\/div><\/div><div class=\"w-separator size_small\"><\/div><div class=\"g-cols wpb_row via_flex valign_top type_default stacking_default\"><div class=\"vc_col-sm-6 wpb_column vc_column_container\"><div class=\"vc_column-inner\"><div class=\"wpb_wrapper\">[vc_custom_heading text=\u00a0\u00bbSALONS DE TH\u00c9 ET RESTAURANTS\u00a0\u00bb font_container=\u00a0\u00bbtag:h3|text_align:center\u00a0\u00bb use_theme_fonts=\u00a0\u00bbyes\u00a0\u00bb css=\u00a0\u00bb%7B%22default%22%3A%7B%22color%22%3A%22%23c78785%22%7D%7D\u00a0\u00bb]<div class=\"w-separator size_small\"><\/div><div class=\"wpb_text_column\"><div class=\"wpb_wrapper\"><p style=\"text-align: center;\"><a href=\"https:\/\/cafehoche.com\/\">CAFE HOCHE &#8211; Cannes<\/a><br \/>\n<a href=\"https:\/\/www.instagram.com\/lacasadinonna_\/?igshid=ybojm8o2roxi&amp;hl=fr\">LA CASA DI NONNA &#8211; Cannes &amp; Nice<\/a><br \/>\n<a href=\"https:\/\/www.lecirquecannes.com\/\">LE CIRQUE &#8211; Cannes<\/a><br \/>\n<a href=\"https:\/\/www.novaafood.com\/\">NOVAA SOCIAL FOOD &#8211; Cannes<\/a><br \/>\n<a href=\"https:\/\/www.instagram.com\/dalauracannesofficiel\/?hl=fr\">DA LAURA &#8211; Cannes &amp; Mougins<\/a><br \/>\n<a href=\"https:\/\/www.facebook.com\/bistrobruncannes\">BISTROT BRUN &#8211; Cannes<\/a><br \/>\n<a href=\"https:\/\/www.legraindesel-cannes.com\/\">GRAIN DE SEL &#8211; Cannes<\/a><br \/>\n<a href=\"https:\/\/www.manoir-de-letang.com\/\">LE MANOIR DE L\u2019ETANG &#8211; cannes<\/a><br \/>\n<a href=\"https:\/\/lamomecannes.com\/\">LA MOME &#8211; Cannes<\/a><br \/>\n<a href=\"http:\/\/cpcafe.paris\/\">CENTRAL PARK &#8211; Paris<\/a><br \/>\n<a href=\"https:\/\/elementaire.paris\/\">L\u2019ELEMENTAIRE &#8211; Paris<\/a><br \/>\n<a href=\"https:\/\/www.thefamily.co\/\">THE FAMILY &#8211; Paris<\/a><br \/>\n<a href=\"https:\/\/www.5pailles.com\/\">5 PAILLES &#8211; Paris<\/a><br \/>\n<a href=\"https:\/\/www.lapantruchoise.com\/bellemaison\">BELLE MAISON &#8211; Paris<\/a><br \/>\n<a href=\"https:\/\/www.bonjour-bonsoir.paris\/\">BONJOUR BONSOIR &#8211; Paris<\/a><br \/>\n<a href=\"https:\/\/lescailloux.fr\/\">LES CAILLOUX &#8211; Paris<\/a><br \/>\n<a href=\"https:\/\/www.bambouparis.fr\/\">BAMBOU &#8211; Paris<\/a><\/p>\n<\/div><\/div><\/div><\/div><\/div><div class=\"vc_col-sm-6 wpb_column vc_column_container\"><div class=\"vc_column-inner\"><div class=\"wpb_wrapper\">[vc_custom_heading text=\u00a0\u00bbH\u00d4TELS\u00a0\u00bb font_container=\u00a0\u00bbtag:h4|text_align:center\u00a0\u00bb use_theme_fonts=\u00a0\u00bbyes\u00a0\u00bb css=\u00a0\u00bb%7B%22default%22%3A%7B%22color%22%3A%22%23c78785%22%7D%7D\u00a0\u00bb]<div class=\"w-separator size_small\"><\/div><div class=\"wpb_text_column\"><div class=\"wpb_wrapper\"><div class=\"\" style=\"text-align: center;\"><a href=\"https:\/\/lepigalle.paris\/\">LE PIGALLE &#8211; Paris<\/a><\/div>\n<div class=\"\">\n<div class=\"\" style=\"text-align: center;\"><a href=\"https:\/\/www.hotel-lamarina.fr\/\">HOTEL LA MARINA &#8211; Saint Raphael<\/a><\/div>\n<div class=\"\" style=\"text-align: center;\"><a href=\"https:\/\/www.hotellesrochesrouges.com\/fr\">LES ROCHES ROUGES \u00a0&#8211; Saint Raphael<\/a><\/div>\n<div class=\"\" style=\"text-align: center;\"><a href=\"https:\/\/www.hotelnational.paris\/\">HOTEL NATIONAL DES ARTS ET METIERS &#8211; Paris<\/a><br \/>\n<a href=\"https:\/\/www.lepetithotel.fr\/fr\/\">LE PETIT HOTEL &#8211; Saint R\u00e9my de Provence<\/a><\/div>\n<\/div>\n<\/div><\/div><\/div><\/div><\/div><\/div><\/div><\/div><\/div><\/div><\/div><\/section>\n","protected":false},"excerpt":{"rendered":"D\u00e9couvrez l&rsquo;ensembles de nos revendeurs concept Store mais aussi dans les hotels et restaurants partenaires ! [vc_custom_heading text=\"CONCEPT STORE\" font_container=\"tag:h1|text_align:center\" use_theme_fonts=\"yes\" css=\"%7B%22default%22%3A%7B%22color%22%3A%22%2349372b%22%7D%7D\"][vc_raw_html]JTNDaWZyYW1lJTIwc3JjJTNEJTIyaHR0cHMlM0ElMkYlMkZ3d3cuZ29vZ2xlLmNvbSUyRm1hcHMlMkZkJTJGdSUyRjAlMkZlbWJlZCUzRm1pZCUzRDFxVVhzc1NCTlRMa19vTVdKaGdzOGVuaW56VVF2SEFrbyUyMiUyMHdpZHRoJTNEJTIyMTI4MCUyMiUyMGhlaWdodCUzRCUyMjUyMCUyMiUzRSUzQyUyRmlmcmFtZSUzRQ==[\/vc_raw_html][vc_custom_heading text=\"H\u00d4TELS ET RESTAURANTS\" font_container=\"tag:h2|text_align:center\" use_theme_fonts=\"yes\" css=\"%7B%22default%22%3A%7B%22color%22%3A%22%2349372b%22%7D%7D\"] D\u00e9couvrez l&rsquo;ensembles de nos revendeurs concept Store mais aussi dans les hotels et restaurants partenaires ! [vc_custom_heading text=\"SALONS DE TH\u00c9 ET RESTAURANTS\" font_container=\"tag:h3|text_align:center\" use_theme_fonts=\"yes\" css=\"%7B%22default%22%3A%7B%22color%22%3A%22%23c78785%22%7D%7D\"]CAFE HOCHE &#8211;...","protected":false},"author":1,"featured_media":0,"parent":0,"menu_order":0,"comment_status":"closed","ping_status":"closed","template":"","meta":[],"acf":[],"yoast_head":"<!-- This site is optimized with the Yoast SEO plugin v18.5.1 - https:\/\/yoast.com\/wordpress\/plugins\/seo\/ -->\n<title>D\u00e9couvrez tous nos Revendeurs - Collection T - Le journal<\/title>\n<meta name=\"description\" content=\"D\u00e9couvrez l&#039;ensembles de nos revendeurs concept Store mais aussi dans les h\u00f4tels et restaurants partenaires !\" \/>\n<meta name=\"robots\" content=\"index, follow, max-snippet:-1, max-image-preview:large, max-video-preview:-1\" \/>\n<link rel=\"canonical\" href=\"https:\/\/collection-t.com\/journal\/revendeurs\/\" \/>\n<meta property=\"og:locale\" content=\"fr_FR\" \/>\n<meta property=\"og:type\" content=\"article\" \/>\n<meta property=\"og:title\" content=\"D\u00e9couvrez tous nos Revendeurs - Collection T - Le journal\" \/>\n<meta property=\"og:description\" content=\"D\u00e9couvrez l&#039;ensembles de nos revendeurs concept Store mais aussi dans les h\u00f4tels et restaurants partenaires !\" \/>\n<meta property=\"og:url\" content=\"https:\/\/collection-t.com\/journal\/revendeurs\/\" \/>\n<meta property=\"og:site_name\" content=\"Collection T - Le journal\" \/>\n<meta property=\"article:modified_time\" content=\"2021-06-17T09:09:36+00:00\" \/>\n<meta property=\"og:image\" content=\"https:\/\/collection-t.com\/journal\/wp-content\/uploads\/2021\/04\/collection-t-og.jpg\" \/>\n\t<meta property=\"og:image:width\" content=\"1200\" \/>\n\t<meta property=\"og:image:height\" content=\"630\" \/>\n\t<meta property=\"og:image:type\" content=\"image\/jpeg\" \/>\n<meta name=\"twitter:card\" content=\"summary_large_image\" \/>\n<meta name=\"twitter:label1\" content=\"Dur\u00e9e de lecture estim\u00e9e\" \/>\n\t<meta name=\"twitter:data1\" content=\"1 minute\" \/>\n<script type=\"application\/ld+json\" class=\"yoast-schema-graph\">{\"@context\":\"https:\/\/schema.org\",\"@graph\":[{\"@type\":\"Organization\",\"@id\":\"https:\/\/collection-t.com\/journal\/#organization\",\"name\":\"Collection T\",\"url\":\"https:\/\/collection-t.com\/journal\/\",\"sameAs\":[],\"logo\":{\"@type\":\"ImageObject\",\"@id\":\"https:\/\/collection-t.com\/journal\/#logo\",\"inLanguage\":\"fr-FR\",\"url\":\"https:\/\/collection-t.com\/journal\/wp-content\/uploads\/2021\/02\/logo.png\",\"contentUrl\":\"https:\/\/collection-t.com\/journal\/wp-content\/uploads\/2021\/02\/logo.png\",\"width\":650,\"height\":632,\"caption\":\"Collection T\"},\"image\":{\"@id\":\"https:\/\/collection-t.com\/journal\/#logo\"}},{\"@type\":\"WebSite\",\"@id\":\"https:\/\/collection-t.com\/journal\/#website\",\"url\":\"https:\/\/collection-t.com\/journal\/\",\"name\":\"Collection T - Le journal\",\"description\":\"\",\"publisher\":{\"@id\":\"https:\/\/collection-t.com\/journal\/#organization\"},\"potentialAction\":[{\"@type\":\"SearchAction\",\"target\":{\"@type\":\"EntryPoint\",\"urlTemplate\":\"https:\/\/collection-t.com\/journal\/?s={search_term_string}\"},\"query-input\":\"required name=search_term_string\"}],\"inLanguage\":\"fr-FR\"},{\"@type\":\"WebPage\",\"@id\":\"https:\/\/collection-t.com\/journal\/revendeurs\/#webpage\",\"url\":\"https:\/\/collection-t.com\/journal\/revendeurs\/\",\"name\":\"D\u00e9couvrez tous nos Revendeurs - Collection T - Le journal\",\"isPartOf\":{\"@id\":\"https:\/\/collection-t.com\/journal\/#website\"},\"datePublished\":\"2021-03-03T14:44:55+00:00\",\"dateModified\":\"2021-06-17T09:09:36+00:00\",\"description\":\"D\u00e9couvrez l'ensembles de nos revendeurs concept Store mais aussi dans les h\u00f4tels et restaurants partenaires !\",\"breadcrumb\":{\"@id\":\"https:\/\/collection-t.com\/journal\/revendeurs\/#breadcrumb\"},\"inLanguage\":\"fr-FR\",\"potentialAction\":[{\"@type\":\"ReadAction\",\"target\":[\"https:\/\/collection-t.com\/journal\/revendeurs\/\"]}]},{\"@type\":\"BreadcrumbList\",\"@id\":\"https:\/\/collection-t.com\/journal\/revendeurs\/#breadcrumb\",\"itemListElement\":[{\"@type\":\"ListItem\",\"position\":1,\"name\":\"Accueil\",\"item\":\"https:\/\/collection-t.com\/journal\/\"},{\"@type\":\"ListItem\",\"position\":2,\"name\":\"Revendeurs\"}]}]}<\/script>\n<!-- \/ Yoast SEO plugin. -->","yoast_head_json":{"title":"D\u00e9couvrez tous nos Revendeurs - Collection T - Le journal","description":"D\u00e9couvrez l'ensembles de nos revendeurs concept Store mais aussi dans les h\u00f4tels et restaurants partenaires !","robots":{"index":"index","follow":"follow","max-snippet":"max-snippet:-1","max-image-preview":"max-image-preview:large","max-video-preview":"max-video-preview:-1"},"canonical":"https:\/\/collection-t.com\/journal\/revendeurs\/","og_locale":"fr_FR","og_type":"article","og_title":"D\u00e9couvrez tous nos Revendeurs - Collection T - Le journal","og_description":"D\u00e9couvrez l'ensembles de nos revendeurs concept Store mais aussi dans les h\u00f4tels et restaurants partenaires !","og_url":"https:\/\/collection-t.com\/journal\/revendeurs\/","og_site_name":"Collection T - Le journal","article_modified_time":"2021-06-17T09:09:36+00:00","og_image":[{"width":1200,"height":630,"url":"https:\/\/collection-t.com\/journal\/wp-content\/uploads\/2021\/04\/collection-t-og.jpg","type":"image\/jpeg"}],"twitter_card":"summary_large_image","twitter_misc":{"Dur\u00e9e de lecture estim\u00e9e":"1 minute"},"schema":{"@context":"https:\/\/schema.org","@graph":[{"@type":"Organization","@id":"https:\/\/collection-t.com\/journal\/#organization","name":"Collection T","url":"https:\/\/collection-t.com\/journal\/","sameAs":[],"logo":{"@type":"ImageObject","@id":"https:\/\/collection-t.com\/journal\/#logo","inLanguage":"fr-FR","url":"https:\/\/collection-t.com\/journal\/wp-content\/uploads\/2021\/02\/logo.png","contentUrl":"https:\/\/collection-t.com\/journal\/wp-content\/uploads\/2021\/02\/logo.png","width":650,"height":632,"caption":"Collection T"},"image":{"@id":"https:\/\/collection-t.com\/journal\/#logo"}},{"@type":"WebSite","@id":"https:\/\/collection-t.com\/journal\/#website","url":"https:\/\/collection-t.com\/journal\/","name":"Collection T - Le journal","description":"","publisher":{"@id":"https:\/\/collection-t.com\/journal\/#organization"},"potentialAction":[{"@type":"SearchAction","target":{"@type":"EntryPoint","urlTemplate":"https:\/\/collection-t.com\/journal\/?s={search_term_string}"},"query-input":"required name=search_term_string"}],"inLanguage":"fr-FR"},{"@type":"WebPage","@id":"https:\/\/collection-t.com\/journal\/revendeurs\/#webpage","url":"https:\/\/collection-t.com\/journal\/revendeurs\/","name":"D\u00e9couvrez tous nos Revendeurs - Collection T - Le journal","isPartOf":{"@id":"https:\/\/collection-t.com\/journal\/#website"},"datePublished":"2021-03-03T14:44:55+00:00","dateModified":"2021-06-17T09:09:36+00:00","description":"D\u00e9couvrez l'ensembles de nos revendeurs concept Store mais aussi dans les h\u00f4tels et restaurants partenaires !","breadcrumb":{"@id":"https:\/\/collection-t.com\/journal\/revendeurs\/#breadcrumb"},"inLanguage":"fr-FR","potentialAction":[{"@type":"ReadAction","target":["https:\/\/collection-t.com\/journal\/revendeurs\/"]}]},{"@type":"BreadcrumbList","@id":"https:\/\/collection-t.com\/journal\/revendeurs\/#breadcrumb","itemListElement":[{"@type":"ListItem","position":1,"name":"Accueil","item":"https:\/\/collection-t.com\/journal\/"},{"@type":"ListItem","position":2,"name":"Revendeurs"}]}]}},"_links":{"self":[{"href":"https:\/\/collection-t.com\/journal\/wp-json\/wp\/v2\/pages\/8837"}],"collection":[{"href":"https:\/\/collection-t.com\/journal\/wp-json\/wp\/v2\/pages"}],"about":[{"href":"https:\/\/collection-t.com\/journal\/wp-json\/wp\/v2\/types\/page"}],"author":[{"embeddable":true,"href":"https:\/\/collection-t.com\/journal\/wp-json\/wp\/v2\/users\/1"}],"replies":[{"embeddable":true,"href":"https:\/\/collection-t.com\/journal\/wp-json\/wp\/v2\/comments?post=8837"}],"version-history":[{"count":30,"href":"https:\/\/collection-t.com\/journal\/wp-json\/wp\/v2\/pages\/8837\/revisions"}],"predecessor-version":[{"id":10071,"href":"https:\/\/collection-t.com\/journal\/wp-json\/wp\/v2\/pages\/8837\/revisions\/10071"}],"wp:attachment":[{"href":"https:\/\/collection-t.com\/journal\/wp-json\/wp\/v2\/media?parent=8837"}],"curies":[{"name":"wp","href":"https:\/\/api.w.org\/{rel}","templated":true}]}}