{"id":9922,"date":"2021-04-15T16:07:27","date_gmt":"2021-04-15T14:07:27","guid":{"rendered":"https:\/\/collection-t.com\/journal\/?page_id=9922"},"modified":"2022-04-12T11:34:28","modified_gmt":"2022-04-12T09:34:28","slug":"votre-assistant-t-personnalise-formulaire","status":"publish","type":"page","link":"https:\/\/collection-t.com\/journal\/votre-assistant-t-personnalise-formulaire\/","title":{"rendered":"Votre assistant T. personnalis\u00e9 &#8211; Formulaire"},"content":{"rendered":"<section class=\"l-section wpb_row us_custom_d729796c height_large\"><div class=\"l-section-h i-cf\"><div class=\"g-cols vc_row via_flex valign_top type_default stacking_default\"><div class=\"vc_col-sm-12 wpb_column vc_column_container\"><div class=\"vc_column-inner\"><div class=\"wpb_wrapper\"><div class=\"wpforms-container wpforms-container-full\" id=\"wpforms-10002\"><form id=\"wpforms-form-10002\" class=\"wpforms-validate wpforms-form wpforms-ajax-form\" data-formid=\"10002\" method=\"post\" enctype=\"multipart\/form-data\" action=\"\/journal\/wp-json\/wp\/v2\/pages\/9922\" data-token=\"e4b3d11b91df22bb71a96a0eab4edf6f\"><noscript class=\"wpforms-error-noscript\">Veuillez activer JavaScript dans votre navigateur pour remplir ce formulaire.<\/noscript><div class=\"wpforms-page-indicator none\" data-indicator=\"none\" data-indicator-color=\"#c78785\" data-scroll=\"0\"><\/div><div class=\"wpforms-field-container\"><div class=\"wpforms-page wpforms-page-1 \" data-page=\"1\"><div id=\"wpforms-10002-field_3-container\" class=\"wpforms-field wpforms-field-pagebreak\" data-field-id=\"3\"><\/div><div id=\"wpforms-10002-field_6-container\" class=\"wpforms-field wpforms-field-html\" data-field-id=\"6\"><div id=\"wpforms-10002-field_6\"><h4>\u00c9tape 1<\/h4><\/div><\/div><div id=\"wpforms-10002-field_23-container\" class=\"wpforms-field wpforms-field-radio\" data-field-id=\"23\"><label class=\"wpforms-field-label\" for=\"wpforms-10002-field_23\">\u00c0 quel moment buvez vous du th\u00e9 ?<\/label><ul id=\"wpforms-10002-field_23\"><li class=\"choice-1 depth-1\"><input type=\"radio\" id=\"wpforms-10002-field_23_1\" name=\"wpforms[fields][23]\" value=\"Matin\"  ><label class=\"wpforms-field-label-inline\" for=\"wpforms-10002-field_23_1\">Matin<\/label><\/li><li class=\"choice-2 depth-1\"><input type=\"radio\" id=\"wpforms-10002-field_23_2\" name=\"wpforms[fields][23]\" value=\"Apr\u00e8s-midi\"  ><label class=\"wpforms-field-label-inline\" for=\"wpforms-10002-field_23_2\">Apr\u00e8s-midi<\/label><\/li><li class=\"choice-3 depth-1\"><input type=\"radio\" id=\"wpforms-10002-field_23_3\" name=\"wpforms[fields][23]\" value=\"Soir\"  ><label class=\"wpforms-field-label-inline\" for=\"wpforms-10002-field_23_3\">Soir<\/label><\/li><li class=\"choice-4 depth-1\"><input type=\"radio\" id=\"wpforms-10002-field_23_4\" name=\"wpforms[fields][23]\" value=\"Toute la journ\u00e9e\"  ><label class=\"wpforms-field-label-inline\" for=\"wpforms-10002-field_23_4\">Toute la journ\u00e9e<\/label><\/li><\/ul><\/div><div id=\"wpforms-10002-field_2-container\" class=\"wpforms-field wpforms-field-pagebreak\" data-field-id=\"2\"><div class=\"wpforms-clear wpforms-pagebreak-left\"><button class=\"wpforms-page-button wpforms-page-next\" data-action=\"next\" data-page=\"1\" data-formid=\"10002\" disabled>Suivant<\/button><\/div><\/div><\/div><div class=\"wpforms-page wpforms-page-2  \" data-page=\"2\" style=\"display:none;\"><div id=\"wpforms-10002-field_7-container\" class=\"wpforms-field wpforms-field-html\" data-field-id=\"7\"><div id=\"wpforms-10002-field_7\"><h4>\u00c9tape 2<\/h4><\/div><\/div><div id=\"wpforms-10002-field_5-container\" class=\"wpforms-field wpforms-field-checkbox\" data-field-id=\"5\"><label class=\"wpforms-field-label\" for=\"wpforms-10002-field_5\">Quels sont vos objectifs ? <\/label><ul id=\"wpforms-10002-field_5\"><li class=\"choice-1 depth-1\"><input type=\"checkbox\" id=\"wpforms-10002-field_5_1\" name=\"wpforms[fields][5][]\" value=\"Me faire du bien (d\u00e9tox, digestion \u2026)\"  ><label class=\"wpforms-field-label-inline\" for=\"wpforms-10002-field_5_1\">Me faire du bien (d\u00e9tox, digestion \u2026)<\/label><\/li><li class=\"choice-2 depth-1\"><input type=\"checkbox\" id=\"wpforms-10002-field_5_2\" name=\"wpforms[fields][5][]\" value=\"Dormir plus sereinement\"  ><label class=\"wpforms-field-label-inline\" for=\"wpforms-10002-field_5_2\">Dormir plus sereinement<\/label><\/li><li class=\"choice-3 depth-1\"><input type=\"checkbox\" id=\"wpforms-10002-field_5_3\" name=\"wpforms[fields][5][]\" value=\"Me faire plaisir\"  ><label class=\"wpforms-field-label-inline\" for=\"wpforms-10002-field_5_3\">Me faire plaisir<\/label><\/li><li class=\"choice-4 depth-1\"><input type=\"checkbox\" id=\"wpforms-10002-field_5_4\" name=\"wpforms[fields][5][]\" value=\"Avoir de l\u2019\u00e9nergie\"  ><label class=\"wpforms-field-label-inline\" for=\"wpforms-10002-field_5_4\">Avoir de l\u2019\u00e9nergie<\/label><\/li><li class=\"choice-5 depth-1\"><input type=\"checkbox\" id=\"wpforms-10002-field_5_5\" name=\"wpforms[fields][5][]\" value=\"Boire d&#039;avantage\"  ><label class=\"wpforms-field-label-inline\" for=\"wpforms-10002-field_5_5\">Boire d'avantage<\/label><\/li><\/ul><\/div><div id=\"wpforms-10002-field_8-container\" class=\"wpforms-field wpforms-field-pagebreak\" data-field-id=\"8\"><div class=\"wpforms-clear wpforms-pagebreak-left\"><button class=\"wpforms-page-button wpforms-page-prev\" data-action=\"prev\" data-page=\"2\" data-formid=\"10002\" disabled>Pr\u00e9c\u00e9dent<\/button><button class=\"wpforms-page-button wpforms-page-next\" data-action=\"next\" data-page=\"2\" data-formid=\"10002\" disabled>Suivant<\/button><\/div><\/div><\/div><div class=\"wpforms-page wpforms-page-3  \" data-page=\"3\" style=\"display:none;\"><div id=\"wpforms-10002-field_10-container\" class=\"wpforms-field wpforms-field-html\" data-field-id=\"10\"><div id=\"wpforms-10002-field_10\"><h4>\u00c9tape 3<\/h4><\/div><\/div><div id=\"wpforms-10002-field_22-container\" class=\"wpforms-field wpforms-field-checkbox\" data-field-id=\"22\"><label class=\"wpforms-field-label\" for=\"wpforms-10002-field_22\">Comment vous d\u00e9finiriez-vous ?<\/label><ul id=\"wpforms-10002-field_22\"><li class=\"choice-1 depth-1\"><input type=\"checkbox\" id=\"wpforms-10002-field_22_1\" name=\"wpforms[fields][22][]\" value=\"Dynamique\"  ><label class=\"wpforms-field-label-inline\" for=\"wpforms-10002-field_22_1\">Dynamique<\/label><\/li><li class=\"choice-2 depth-1\"><input type=\"checkbox\" id=\"wpforms-10002-field_22_2\" name=\"wpforms[fields][22][]\" value=\"R\u00eaveur\"  ><label class=\"wpforms-field-label-inline\" for=\"wpforms-10002-field_22_2\">R\u00eaveur<\/label><\/li><li class=\"choice-3 depth-1\"><input type=\"checkbox\" id=\"wpforms-10002-field_22_3\" name=\"wpforms[fields][22][]\" value=\"Sportif\"  ><label class=\"wpforms-field-label-inline\" for=\"wpforms-10002-field_22_3\">Sportif<\/label><\/li><li class=\"choice-4 depth-1\"><input type=\"checkbox\" id=\"wpforms-10002-field_22_4\" name=\"wpforms[fields][22][]\" value=\"Epicurien\"  ><label class=\"wpforms-field-label-inline\" for=\"wpforms-10002-field_22_4\">Epicurien<\/label><\/li><li class=\"choice-5 depth-1\"><input type=\"checkbox\" id=\"wpforms-10002-field_22_5\" name=\"wpforms[fields][22][]\" value=\"Calme\"  ><label class=\"wpforms-field-label-inline\" for=\"wpforms-10002-field_22_5\">Calme<\/label><\/li><\/ul><\/div><div id=\"wpforms-10002-field_11-container\" class=\"wpforms-field wpforms-field-pagebreak\" data-field-id=\"11\"><div class=\"wpforms-clear wpforms-pagebreak-left\"><button class=\"wpforms-page-button wpforms-page-prev\" data-action=\"prev\" data-page=\"3\" data-formid=\"10002\" disabled>Pr\u00e9c\u00e9dent<\/button><button class=\"wpforms-page-button wpforms-page-next\" data-action=\"next\" data-page=\"3\" data-formid=\"10002\" disabled>Suivant<\/button><\/div><\/div><\/div><div class=\"wpforms-page wpforms-page-4  \" data-page=\"4\" style=\"display:none;\"><div id=\"wpforms-10002-field_13-container\" class=\"wpforms-field wpforms-field-html\" data-field-id=\"13\"><div id=\"wpforms-10002-field_13\"><h4>\u00c9tape 4<\/h4><\/div><\/div><div id=\"wpforms-10002-field_24-container\" class=\"wpforms-field wpforms-field-radio\" data-field-id=\"24\"><label class=\"wpforms-field-label\" for=\"wpforms-10002-field_24\">Quelles sont vos pr\u00e9f\u00e9rences en terme de go\u00fbt ?<\/label><ul id=\"wpforms-10002-field_24\"><li class=\"choice-1 depth-1\"><input type=\"radio\" id=\"wpforms-10002-field_24_1\" name=\"wpforms[fields][24]\" value=\"Gourmand (fruit\u00e9, floral)\"  ><label class=\"wpforms-field-label-inline\" for=\"wpforms-10002-field_24_1\">Gourmand (fruit\u00e9, floral)<\/label><\/li><li class=\"choice-2 depth-1\"><input type=\"radio\" id=\"wpforms-10002-field_24_2\" name=\"wpforms[fields][24]\" value=\"Acidul\u00e9 (agrumes)\"  ><label class=\"wpforms-field-label-inline\" for=\"wpforms-10002-field_24_2\">Acidul\u00e9 (agrumes)<\/label><\/li><li class=\"choice-3 depth-1\"><input type=\"radio\" id=\"wpforms-10002-field_24_3\" name=\"wpforms[fields][24]\" value=\"Epic\u00e9\"  ><label class=\"wpforms-field-label-inline\" for=\"wpforms-10002-field_24_3\">Epic\u00e9<\/label><\/li><li class=\"choice-4 depth-1\"><input type=\"radio\" id=\"wpforms-10002-field_24_4\" name=\"wpforms[fields][24]\" value=\"Nature (sans parfum ajout\u00e9)\"  ><label class=\"wpforms-field-label-inline\" for=\"wpforms-10002-field_24_4\">Nature (sans parfum ajout\u00e9)<\/label><\/li><\/ul><\/div><div id=\"wpforms-10002-field_14-container\" class=\"wpforms-field wpforms-field-pagebreak\" data-field-id=\"14\"><div class=\"wpforms-clear wpforms-pagebreak-left\"><button class=\"wpforms-page-button wpforms-page-prev\" data-action=\"prev\" data-page=\"4\" data-formid=\"10002\" disabled>Pr\u00e9c\u00e9dent<\/button><button class=\"wpforms-page-button wpforms-page-next\" data-action=\"next\" data-page=\"4\" data-formid=\"10002\" disabled>Suivant<\/button><\/div><\/div><\/div><div class=\"wpforms-page wpforms-page-5  \" data-page=\"5\" style=\"display:none;\"><div id=\"wpforms-10002-field_16-container\" class=\"wpforms-field wpforms-field-html\" data-field-id=\"16\"><div id=\"wpforms-10002-field_16\"><h4>\u00c9tape 5<\/h4><\/div><\/div><div id=\"wpforms-10002-field_15-container\" class=\"wpforms-field wpforms-field-checkbox\" data-field-id=\"15\"><label class=\"wpforms-field-label\" for=\"wpforms-10002-field_15\">Pr\u00e9f\u00e9rez-vous ?<\/label><ul id=\"wpforms-10002-field_15\"><li class=\"choice-1 depth-1\"><input type=\"checkbox\" id=\"wpforms-10002-field_15_1\" name=\"wpforms[fields][15][]\" value=\"Les th\u00e9s cors\u00e9s\"  ><label class=\"wpforms-field-label-inline\" for=\"wpforms-10002-field_15_1\">Les th\u00e9s cors\u00e9s<\/label><\/li><li class=\"choice-2 depth-1\"><input type=\"checkbox\" id=\"wpforms-10002-field_15_2\" name=\"wpforms[fields][15][]\" value=\"Les th\u00e9s l\u00e9gers\"  ><label class=\"wpforms-field-label-inline\" for=\"wpforms-10002-field_15_2\">Les th\u00e9s l\u00e9gers<\/label><\/li><li class=\"choice-3 depth-1\"><input type=\"checkbox\" id=\"wpforms-10002-field_15_3\" name=\"wpforms[fields][15][]\" value=\"Plut\u00f4t sans th\u00e9ine (infusions)\"  ><label class=\"wpforms-field-label-inline\" for=\"wpforms-10002-field_15_3\">Plut\u00f4t sans th\u00e9ine (infusions)<\/label><\/li><\/ul><\/div><div id=\"wpforms-10002-field_17-container\" class=\"wpforms-field wpforms-field-pagebreak\" data-field-id=\"17\"><div class=\"wpforms-clear wpforms-pagebreak-left\"><button class=\"wpforms-page-button wpforms-page-prev\" data-action=\"prev\" data-page=\"5\" data-formid=\"10002\" disabled>Pr\u00e9c\u00e9dent<\/button><button class=\"wpforms-page-button wpforms-page-next\" data-action=\"next\" data-page=\"5\" data-formid=\"10002\" disabled>Suivant<\/button><\/div><\/div><\/div><div class=\"wpforms-page wpforms-page-6 last \" data-page=\"6\" style=\"display:none;\"><div id=\"wpforms-10002-field_18-container\" class=\"wpforms-field wpforms-field-html\" data-field-id=\"18\"><div id=\"wpforms-10002-field_18\"><h4>\u00c9tape 6<\/h4>\r\n<h2>Vos informations<\/h2><\/div><\/div><div id=\"wpforms-10002-field_20-container\" class=\"wpforms-field wpforms-field-text\" data-field-id=\"20\"><label class=\"wpforms-field-label wpforms-label-hide\" for=\"wpforms-10002-field_20\">Nom <span class=\"wpforms-required-label\">*<\/span><\/label><input type=\"text\" id=\"wpforms-10002-field_20\" class=\"wpforms-field-large wpforms-field-required\" name=\"wpforms[fields][20]\" placeholder=\"Votre nom*\" required><\/div><div id=\"wpforms-10002-field_21-container\" class=\"wpforms-field wpforms-field-text\" data-field-id=\"21\"><label class=\"wpforms-field-label wpforms-label-hide\" for=\"wpforms-10002-field_21\">Pr\u00e9nom <span class=\"wpforms-required-label\">*<\/span><\/label><input type=\"text\" id=\"wpforms-10002-field_21\" class=\"wpforms-field-large wpforms-field-required\" name=\"wpforms[fields][21]\" placeholder=\"Votre pr\u00e9nom*\" required><\/div><div id=\"wpforms-10002-field_19-container\" class=\"wpforms-field wpforms-field-email\" data-field-id=\"19\"><label class=\"wpforms-field-label wpforms-label-hide\" for=\"wpforms-10002-field_19\">E-mail <span class=\"wpforms-required-label\">*<\/span><\/label><input type=\"email\" id=\"wpforms-10002-field_19\" class=\"wpforms-field-large wpforms-field-required\" name=\"wpforms[fields][19]\" placeholder=\"Votre e-mail*\" required><\/div><div id=\"wpforms-10002-field_4-container\" class=\"wpforms-field wpforms-field-pagebreak\" data-field-id=\"4\"><div class=\"wpforms-clear wpforms-pagebreak-left\"><button class=\"wpforms-page-button wpforms-page-prev\" data-action=\"prev\" data-page=\"6\" data-formid=\"10002\" disabled>Pr\u00e9c\u00e9dent<\/button><\/div><\/div><\/div><\/div><div class=\"wpforms-submit-container\" style=\"display:none;\"><input type=\"hidden\" name=\"wpforms[id]\" value=\"10002\"><input type=\"hidden\" name=\"wpforms[author]\" value=\"1\"><button type=\"submit\" name=\"wpforms[submit]\" id=\"wpforms-submit-10002\" class=\"wpforms-submit\" data-alt-text=\"Envoi...\" data-submit-text=\"Envoyer\" aria-live=\"assertive\" value=\"wpforms-submit\">Envoyer<\/button><img src=\"https:\/\/collection-t.com\/journal\/wp-content\/plugins\/wpforms\/assets\/images\/submit-spin.svg\" class=\"wpforms-submit-spinner\" style=\"display: none;\" width=\"26\" height=\"26\" alt=\"Chargement en cours\"><\/div><\/form><\/div>  <!-- .wpforms-container --><\/div><\/div><\/div><\/div><\/div><\/section>\n","protected":false},"excerpt":{"rendered":"Veuillez activer JavaScript dans votre navigateur pour remplir ce formulaire.\u00c9tape 1\u00c0 quel moment buvez vous du th\u00e9 ?MatinApr\u00e8s-midiSoirToute la journ\u00e9eSuivant\u00c9tape 2Quels sont vos objectifs ? Me faire du bien (d\u00e9tox, digestion \u2026)Dormir plus sereinementMe faire plaisirAvoir de l\u2019\u00e9nergieBoire d'avantagePr\u00e9c\u00e9dentSuivant\u00c9tape 3Comment vous d\u00e9finiriez-vous ?DynamiqueR\u00eaveurSportifEpicurienCalmePr\u00e9c\u00e9dentSuivant\u00c9tape 4Quelles sont vos pr\u00e9f\u00e9rences en terme de go\u00fbt ?Gourmand (fruit\u00e9, floral)Acidul\u00e9 (agrumes)Epic\u00e9Nature...","protected":false},"author":1,"featured_media":0,"parent":0,"menu_order":0,"comment_status":"closed","ping_status":"closed","template":"","meta":[],"acf":[],"yoast_head":"<!-- This site is optimized with the Yoast SEO plugin v18.5.1 - https:\/\/yoast.com\/wordpress\/plugins\/seo\/ -->\n<title>Votre assistant T. personnalis\u00e9 - Formulaire - Collection T - Le journal<\/title>\n<meta name=\"robots\" content=\"index, follow, max-snippet:-1, max-image-preview:large, max-video-preview:-1\" \/>\n<link rel=\"canonical\" href=\"https:\/\/collection-t.com\/journal\/votre-assistant-t-personnalise-formulaire\/\" \/>\n<meta property=\"og:locale\" content=\"fr_FR\" \/>\n<meta property=\"og:type\" content=\"article\" \/>\n<meta property=\"og:title\" content=\"Votre assistant T. personnalis\u00e9 - Formulaire - Collection T - Le journal\" \/>\n<meta property=\"og:url\" content=\"https:\/\/collection-t.com\/journal\/votre-assistant-t-personnalise-formulaire\/\" \/>\n<meta property=\"og:site_name\" content=\"Collection T - Le journal\" \/>\n<meta property=\"article:modified_time\" content=\"2022-04-12T09:34:28+00:00\" \/>\n<meta property=\"og:image\" content=\"https:\/\/collection-t.com\/journal\/wp-content\/uploads\/2021\/04\/collection-t-og.jpg\" \/>\n\t<meta property=\"og:image:width\" content=\"1200\" \/>\n\t<meta property=\"og:image:height\" content=\"630\" \/>\n\t<meta property=\"og:image:type\" content=\"image\/jpeg\" \/>\n<meta name=\"twitter:card\" content=\"summary_large_image\" \/>\n<meta name=\"twitter:label1\" content=\"Dur\u00e9e de lecture estim\u00e9e\" \/>\n\t<meta name=\"twitter:data1\" content=\"1 minute\" \/>\n<script type=\"application\/ld+json\" class=\"yoast-schema-graph\">{\"@context\":\"https:\/\/schema.org\",\"@graph\":[{\"@type\":\"Organization\",\"@id\":\"https:\/\/collection-t.com\/journal\/#organization\",\"name\":\"Collection T\",\"url\":\"https:\/\/collection-t.com\/journal\/\",\"sameAs\":[],\"logo\":{\"@type\":\"ImageObject\",\"@id\":\"https:\/\/collection-t.com\/journal\/#logo\",\"inLanguage\":\"fr-FR\",\"url\":\"https:\/\/collection-t.com\/journal\/wp-content\/uploads\/2021\/02\/logo.png\",\"contentUrl\":\"https:\/\/collection-t.com\/journal\/wp-content\/uploads\/2021\/02\/logo.png\",\"width\":650,\"height\":632,\"caption\":\"Collection T\"},\"image\":{\"@id\":\"https:\/\/collection-t.com\/journal\/#logo\"}},{\"@type\":\"WebSite\",\"@id\":\"https:\/\/collection-t.com\/journal\/#website\",\"url\":\"https:\/\/collection-t.com\/journal\/\",\"name\":\"Collection T - Le journal\",\"description\":\"\",\"publisher\":{\"@id\":\"https:\/\/collection-t.com\/journal\/#organization\"},\"potentialAction\":[{\"@type\":\"SearchAction\",\"target\":{\"@type\":\"EntryPoint\",\"urlTemplate\":\"https:\/\/collection-t.com\/journal\/?s={search_term_string}\"},\"query-input\":\"required name=search_term_string\"}],\"inLanguage\":\"fr-FR\"},{\"@type\":\"WebPage\",\"@id\":\"https:\/\/collection-t.com\/journal\/votre-assistant-t-personnalise-formulaire\/#webpage\",\"url\":\"https:\/\/collection-t.com\/journal\/votre-assistant-t-personnalise-formulaire\/\",\"name\":\"Votre assistant T. personnalis\u00e9 - Formulaire - Collection T - Le journal\",\"isPartOf\":{\"@id\":\"https:\/\/collection-t.com\/journal\/#website\"},\"datePublished\":\"2021-04-15T14:07:27+00:00\",\"dateModified\":\"2022-04-12T09:34:28+00:00\",\"breadcrumb\":{\"@id\":\"https:\/\/collection-t.com\/journal\/votre-assistant-t-personnalise-formulaire\/#breadcrumb\"},\"inLanguage\":\"fr-FR\",\"potentialAction\":[{\"@type\":\"ReadAction\",\"target\":[\"https:\/\/collection-t.com\/journal\/votre-assistant-t-personnalise-formulaire\/\"]}]},{\"@type\":\"BreadcrumbList\",\"@id\":\"https:\/\/collection-t.com\/journal\/votre-assistant-t-personnalise-formulaire\/#breadcrumb\",\"itemListElement\":[{\"@type\":\"ListItem\",\"position\":1,\"name\":\"Accueil\",\"item\":\"https:\/\/collection-t.com\/journal\/\"},{\"@type\":\"ListItem\",\"position\":2,\"name\":\"Votre assistant T. personnalis\u00e9 &#8211; Formulaire\"}]}]}<\/script>\n<!-- \/ Yoast SEO plugin. -->","yoast_head_json":{"title":"Votre assistant T. personnalis\u00e9 - Formulaire - Collection T - Le journal","robots":{"index":"index","follow":"follow","max-snippet":"max-snippet:-1","max-image-preview":"max-image-preview:large","max-video-preview":"max-video-preview:-1"},"canonical":"https:\/\/collection-t.com\/journal\/votre-assistant-t-personnalise-formulaire\/","og_locale":"fr_FR","og_type":"article","og_title":"Votre assistant T. personnalis\u00e9 - Formulaire - Collection T - Le journal","og_url":"https:\/\/collection-t.com\/journal\/votre-assistant-t-personnalise-formulaire\/","og_site_name":"Collection T - Le journal","article_modified_time":"2022-04-12T09:34:28+00:00","og_image":[{"width":1200,"height":630,"url":"https:\/\/collection-t.com\/journal\/wp-content\/uploads\/2021\/04\/collection-t-og.jpg","type":"image\/jpeg"}],"twitter_card":"summary_large_image","twitter_misc":{"Dur\u00e9e de lecture estim\u00e9e":"1 minute"},"schema":{"@context":"https:\/\/schema.org","@graph":[{"@type":"Organization","@id":"https:\/\/collection-t.com\/journal\/#organization","name":"Collection T","url":"https:\/\/collection-t.com\/journal\/","sameAs":[],"logo":{"@type":"ImageObject","@id":"https:\/\/collection-t.com\/journal\/#logo","inLanguage":"fr-FR","url":"https:\/\/collection-t.com\/journal\/wp-content\/uploads\/2021\/02\/logo.png","contentUrl":"https:\/\/collection-t.com\/journal\/wp-content\/uploads\/2021\/02\/logo.png","width":650,"height":632,"caption":"Collection T"},"image":{"@id":"https:\/\/collection-t.com\/journal\/#logo"}},{"@type":"WebSite","@id":"https:\/\/collection-t.com\/journal\/#website","url":"https:\/\/collection-t.com\/journal\/","name":"Collection T - Le journal","description":"","publisher":{"@id":"https:\/\/collection-t.com\/journal\/#organization"},"potentialAction":[{"@type":"SearchAction","target":{"@type":"EntryPoint","urlTemplate":"https:\/\/collection-t.com\/journal\/?s={search_term_string}"},"query-input":"required name=search_term_string"}],"inLanguage":"fr-FR"},{"@type":"WebPage","@id":"https:\/\/collection-t.com\/journal\/votre-assistant-t-personnalise-formulaire\/#webpage","url":"https:\/\/collection-t.com\/journal\/votre-assistant-t-personnalise-formulaire\/","name":"Votre assistant T. personnalis\u00e9 - Formulaire - Collection T - Le journal","isPartOf":{"@id":"https:\/\/collection-t.com\/journal\/#website"},"datePublished":"2021-04-15T14:07:27+00:00","dateModified":"2022-04-12T09:34:28+00:00","breadcrumb":{"@id":"https:\/\/collection-t.com\/journal\/votre-assistant-t-personnalise-formulaire\/#breadcrumb"},"inLanguage":"fr-FR","potentialAction":[{"@type":"ReadAction","target":["https:\/\/collection-t.com\/journal\/votre-assistant-t-personnalise-formulaire\/"]}]},{"@type":"BreadcrumbList","@id":"https:\/\/collection-t.com\/journal\/votre-assistant-t-personnalise-formulaire\/#breadcrumb","itemListElement":[{"@type":"ListItem","position":1,"name":"Accueil","item":"https:\/\/collection-t.com\/journal\/"},{"@type":"ListItem","position":2,"name":"Votre assistant T. personnalis\u00e9 &#8211; Formulaire"}]}]}},"_links":{"self":[{"href":"https:\/\/collection-t.com\/journal\/wp-json\/wp\/v2\/pages\/9922"}],"collection":[{"href":"https:\/\/collection-t.com\/journal\/wp-json\/wp\/v2\/pages"}],"about":[{"href":"https:\/\/collection-t.com\/journal\/wp-json\/wp\/v2\/types\/page"}],"author":[{"embeddable":true,"href":"https:\/\/collection-t.com\/journal\/wp-json\/wp\/v2\/users\/1"}],"replies":[{"embeddable":true,"href":"https:\/\/collection-t.com\/journal\/wp-json\/wp\/v2\/comments?post=9922"}],"version-history":[{"count":7,"href":"https:\/\/collection-t.com\/journal\/wp-json\/wp\/v2\/pages\/9922\/revisions"}],"predecessor-version":[{"id":10012,"href":"https:\/\/collection-t.com\/journal\/wp-json\/wp\/v2\/pages\/9922\/revisions\/10012"}],"wp:attachment":[{"href":"https:\/\/collection-t.com\/journal\/wp-json\/wp\/v2\/media?parent=9922"}],"curies":[{"name":"wp","href":"https:\/\/api.w.org\/{rel}","templated":true}]}}