{"id":9927,"date":"2021-04-15T17:34:11","date_gmt":"2021-04-15T15:34:11","guid":{"rendered":"https:\/\/collection-t.com\/journal\/?page_id=9927"},"modified":"2021-04-15T17:42:19","modified_gmt":"2021-04-15T15:42:19","slug":"votre-assistant-t-personnalise","status":"publish","type":"page","link":"https:\/\/collection-t.com\/journal\/votre-assistant-t-personnalise\/","title":{"rendered":"Votre assistant T. personnalis\u00e9"},"content":{"rendered":"<section class=\"l-section wpb_row us_custom_0e0be0ec height_large\"><div class=\"l-section-h i-cf\"><div class=\"g-cols vc_row via_flex valign_top type_default stacking_default\"><div class=\"vc_col-sm-12 wpb_column vc_column_container\"><div class=\"vc_column-inner\"><div class=\"wpb_wrapper\"><div class=\"g-cols wpb_row us_custom_68e6ae0f via_flex valign_top type_default stacking_default\"><div class=\"vc_col-sm-4 wpb_column vc_column_container has_bg_color\"><div class=\"vc_column-inner us_custom_0086c445\"><div class=\"wpb_wrapper\"><\/div><\/div><\/div><div class=\"vc_col-sm-8 wpb_column vc_column_container\"><div class=\"vc_column-inner\"><div class=\"wpb_wrapper\"><div class=\"w-separator size_small\"><\/div>[vc_custom_heading text=\u00a0\u00bbVotre assistant T. personnalis\u00e9\u00a0\u00bb font_container=\u00a0\u00bbtag:h1|text_align:center\u00a0\u00bb use_theme_fonts=\u00a0\u00bbyes\u00a0\u00bb]<div class=\"w-separator size_custom with_line width_default thick_1 style_solid color_border align_center\" style=\"height:30px\"><div class=\"w-separator-h\"><\/div><\/div><div class=\"w-separator size_small\"><\/div><div class=\"wpb_text_column us_custom_a2aef9c5\"><div class=\"wpb_wrapper\"><p style=\"text-align: center;\"><strong>D\u00e9couvrez votre s\u00e9lection de th\u00e9s selon vos envies ou besoins du moment.<\/strong><\/p>\n<p style=\"text-align: center;\">Envie de trouver le th\u00e9 de vos r\u00eaves, de changer votre routine, ou simplement de d\u00e9couvrir les produits Collection T. ?<\/p>\n<p style=\"text-align: center;\">R\u00e9pondez \u00e0 ces quelques questions, qui nous permettront de vous faire une s\u00e9lection de th\u00e9 des plus personnalis\u00e9e !<\/p>\n<\/div><\/div><div class=\"w-separator size_small\"><\/div><div class=\"w-btn-wrapper align_center\"><a class=\"w-btn us-btn-style_1\" title=\"Votre assistant T. personnalis\u00e9 \u2013 Formulaire\" href=\"https:\/\/collection-t.com\/journal\/votre-assistant-t-personnalise-formulaire\/\"><span class=\"w-btn-label\">Je commence<\/span><\/a><\/div><div class=\"w-separator size_large\"><\/div><\/div><\/div><\/div><\/div><\/div><\/div><\/div><\/div><\/div><\/section>\n","protected":false},"excerpt":{"rendered":"[vc_custom_heading text=\"Votre assistant T. personnalis\u00e9\" font_container=\"tag:h1|text_align:center\" use_theme_fonts=\"yes\"] D\u00e9couvrez votre s\u00e9lection de th\u00e9s selon vos envies ou besoins du moment. Envie de trouver le th\u00e9 de vos r\u00eaves, de changer votre routine, ou simplement de d\u00e9couvrir les produits Collection T. ? R\u00e9pondez \u00e0 ces quelques questions, qui nous permettront de vous faire une s\u00e9lection de th\u00e9...","protected":false},"author":1,"featured_media":0,"parent":0,"menu_order":0,"comment_status":"closed","ping_status":"closed","template":"","meta":[],"acf":[],"yoast_head":"<!-- This site is optimized with the Yoast SEO plugin v18.5.1 - https:\/\/yoast.com\/wordpress\/plugins\/seo\/ -->\n<title>Votre assistant T. personnalis\u00e9 - Collection T - Le journal<\/title>\n<meta name=\"robots\" content=\"index, follow, max-snippet:-1, max-image-preview:large, max-video-preview:-1\" \/>\n<link rel=\"canonical\" href=\"https:\/\/collection-t.com\/journal\/votre-assistant-t-personnalise\/\" \/>\n<meta property=\"og:locale\" content=\"fr_FR\" \/>\n<meta property=\"og:type\" content=\"article\" \/>\n<meta property=\"og:title\" content=\"Votre assistant T. personnalis\u00e9 - Collection T - Le journal\" \/>\n<meta property=\"og:url\" content=\"https:\/\/collection-t.com\/journal\/votre-assistant-t-personnalise\/\" \/>\n<meta property=\"og:site_name\" content=\"Collection T - Le journal\" \/>\n<meta property=\"article:modified_time\" content=\"2021-04-15T15:42:19+00:00\" \/>\n<meta property=\"og:image\" content=\"https:\/\/collection-t.com\/journal\/wp-content\/uploads\/2021\/04\/collection-t-og.jpg\" \/>\n\t<meta property=\"og:image:width\" content=\"1200\" \/>\n\t<meta property=\"og:image:height\" content=\"630\" \/>\n\t<meta property=\"og:image:type\" content=\"image\/jpeg\" \/>\n<meta name=\"twitter:card\" content=\"summary_large_image\" \/>\n<meta name=\"twitter:label1\" content=\"Dur\u00e9e de lecture estim\u00e9e\" \/>\n\t<meta name=\"twitter:data1\" content=\"1 minute\" \/>\n<script type=\"application\/ld+json\" class=\"yoast-schema-graph\">{\"@context\":\"https:\/\/schema.org\",\"@graph\":[{\"@type\":\"Organization\",\"@id\":\"https:\/\/collection-t.com\/journal\/#organization\",\"name\":\"Collection T\",\"url\":\"https:\/\/collection-t.com\/journal\/\",\"sameAs\":[],\"logo\":{\"@type\":\"ImageObject\",\"@id\":\"https:\/\/collection-t.com\/journal\/#logo\",\"inLanguage\":\"fr-FR\",\"url\":\"https:\/\/collection-t.com\/journal\/wp-content\/uploads\/2021\/02\/logo.png\",\"contentUrl\":\"https:\/\/collection-t.com\/journal\/wp-content\/uploads\/2021\/02\/logo.png\",\"width\":650,\"height\":632,\"caption\":\"Collection T\"},\"image\":{\"@id\":\"https:\/\/collection-t.com\/journal\/#logo\"}},{\"@type\":\"WebSite\",\"@id\":\"https:\/\/collection-t.com\/journal\/#website\",\"url\":\"https:\/\/collection-t.com\/journal\/\",\"name\":\"Collection T - Le journal\",\"description\":\"\",\"publisher\":{\"@id\":\"https:\/\/collection-t.com\/journal\/#organization\"},\"potentialAction\":[{\"@type\":\"SearchAction\",\"target\":{\"@type\":\"EntryPoint\",\"urlTemplate\":\"https:\/\/collection-t.com\/journal\/?s={search_term_string}\"},\"query-input\":\"required name=search_term_string\"}],\"inLanguage\":\"fr-FR\"},{\"@type\":\"WebPage\",\"@id\":\"https:\/\/collection-t.com\/journal\/votre-assistant-t-personnalise\/#webpage\",\"url\":\"https:\/\/collection-t.com\/journal\/votre-assistant-t-personnalise\/\",\"name\":\"Votre assistant T. personnalis\u00e9 - Collection T - Le journal\",\"isPartOf\":{\"@id\":\"https:\/\/collection-t.com\/journal\/#website\"},\"datePublished\":\"2021-04-15T15:34:11+00:00\",\"dateModified\":\"2021-04-15T15:42:19+00:00\",\"breadcrumb\":{\"@id\":\"https:\/\/collection-t.com\/journal\/votre-assistant-t-personnalise\/#breadcrumb\"},\"inLanguage\":\"fr-FR\",\"potentialAction\":[{\"@type\":\"ReadAction\",\"target\":[\"https:\/\/collection-t.com\/journal\/votre-assistant-t-personnalise\/\"]}]},{\"@type\":\"BreadcrumbList\",\"@id\":\"https:\/\/collection-t.com\/journal\/votre-assistant-t-personnalise\/#breadcrumb\",\"itemListElement\":[{\"@type\":\"ListItem\",\"position\":1,\"name\":\"Accueil\",\"item\":\"https:\/\/collection-t.com\/journal\/\"},{\"@type\":\"ListItem\",\"position\":2,\"name\":\"Votre assistant T. personnalis\u00e9\"}]}]}<\/script>\n<!-- \/ Yoast SEO plugin. -->","yoast_head_json":{"title":"Votre assistant T. personnalis\u00e9 - Collection T - Le journal","robots":{"index":"index","follow":"follow","max-snippet":"max-snippet:-1","max-image-preview":"max-image-preview:large","max-video-preview":"max-video-preview:-1"},"canonical":"https:\/\/collection-t.com\/journal\/votre-assistant-t-personnalise\/","og_locale":"fr_FR","og_type":"article","og_title":"Votre assistant T. personnalis\u00e9 - Collection T - Le journal","og_url":"https:\/\/collection-t.com\/journal\/votre-assistant-t-personnalise\/","og_site_name":"Collection T - Le journal","article_modified_time":"2021-04-15T15:42:19+00:00","og_image":[{"width":1200,"height":630,"url":"https:\/\/collection-t.com\/journal\/wp-content\/uploads\/2021\/04\/collection-t-og.jpg","type":"image\/jpeg"}],"twitter_card":"summary_large_image","twitter_misc":{"Dur\u00e9e de lecture estim\u00e9e":"1 minute"},"schema":{"@context":"https:\/\/schema.org","@graph":[{"@type":"Organization","@id":"https:\/\/collection-t.com\/journal\/#organization","name":"Collection T","url":"https:\/\/collection-t.com\/journal\/","sameAs":[],"logo":{"@type":"ImageObject","@id":"https:\/\/collection-t.com\/journal\/#logo","inLanguage":"fr-FR","url":"https:\/\/collection-t.com\/journal\/wp-content\/uploads\/2021\/02\/logo.png","contentUrl":"https:\/\/collection-t.com\/journal\/wp-content\/uploads\/2021\/02\/logo.png","width":650,"height":632,"caption":"Collection T"},"image":{"@id":"https:\/\/collection-t.com\/journal\/#logo"}},{"@type":"WebSite","@id":"https:\/\/collection-t.com\/journal\/#website","url":"https:\/\/collection-t.com\/journal\/","name":"Collection T - Le journal","description":"","publisher":{"@id":"https:\/\/collection-t.com\/journal\/#organization"},"potentialAction":[{"@type":"SearchAction","target":{"@type":"EntryPoint","urlTemplate":"https:\/\/collection-t.com\/journal\/?s={search_term_string}"},"query-input":"required name=search_term_string"}],"inLanguage":"fr-FR"},{"@type":"WebPage","@id":"https:\/\/collection-t.com\/journal\/votre-assistant-t-personnalise\/#webpage","url":"https:\/\/collection-t.com\/journal\/votre-assistant-t-personnalise\/","name":"Votre assistant T. personnalis\u00e9 - Collection T - Le journal","isPartOf":{"@id":"https:\/\/collection-t.com\/journal\/#website"},"datePublished":"2021-04-15T15:34:11+00:00","dateModified":"2021-04-15T15:42:19+00:00","breadcrumb":{"@id":"https:\/\/collection-t.com\/journal\/votre-assistant-t-personnalise\/#breadcrumb"},"inLanguage":"fr-FR","potentialAction":[{"@type":"ReadAction","target":["https:\/\/collection-t.com\/journal\/votre-assistant-t-personnalise\/"]}]},{"@type":"BreadcrumbList","@id":"https:\/\/collection-t.com\/journal\/votre-assistant-t-personnalise\/#breadcrumb","itemListElement":[{"@type":"ListItem","position":1,"name":"Accueil","item":"https:\/\/collection-t.com\/journal\/"},{"@type":"ListItem","position":2,"name":"Votre assistant T. personnalis\u00e9"}]}]}},"_links":{"self":[{"href":"https:\/\/collection-t.com\/journal\/wp-json\/wp\/v2\/pages\/9927"}],"collection":[{"href":"https:\/\/collection-t.com\/journal\/wp-json\/wp\/v2\/pages"}],"about":[{"href":"https:\/\/collection-t.com\/journal\/wp-json\/wp\/v2\/types\/page"}],"author":[{"embeddable":true,"href":"https:\/\/collection-t.com\/journal\/wp-json\/wp\/v2\/users\/1"}],"replies":[{"embeddable":true,"href":"https:\/\/collection-t.com\/journal\/wp-json\/wp\/v2\/comments?post=9927"}],"version-history":[{"count":6,"href":"https:\/\/collection-t.com\/journal\/wp-json\/wp\/v2\/pages\/9927\/revisions"}],"predecessor-version":[{"id":9934,"href":"https:\/\/collection-t.com\/journal\/wp-json\/wp\/v2\/pages\/9927\/revisions\/9934"}],"wp:attachment":[{"href":"https:\/\/collection-t.com\/journal\/wp-json\/wp\/v2\/media?parent=9927"}],"curies":[{"name":"wp","href":"https:\/\/api.w.org\/{rel}","templated":true}]}}